{"id":99,"date":"2019-04-16T19:53:11","date_gmt":"2019-04-16T19:53:11","guid":{"rendered":"http:\/\/142.44.138.36\/~echegb\/?page_id=99"},"modified":"2021-01-29T16:17:03","modified_gmt":"2021-01-29T16:17:03","slug":"our-partners","status":"publish","type":"page","link":"https:\/\/echecaucrime.com\/en\/the-organization\/our-partners\/","title":{"rendered":"Our Partners"},"content":{"rendered":"<p><strong>Crime Stoppers<\/strong> relies on the support of many partners or sponsors who help us continue our commitment, day after day, and implement new projects.<\/p>\n<p>Their assistance is vital to guarantee the organization\u2019s independence. We are truly grateful to them.<\/p>\n<div class=\"ThreeColBlock Partner\">\n<div class=\"Block\">\n<div class=\"Image\"><img decoding=\"async\" loading=\"lazy\" class=\"alignnone\" src=\"https:\/\/echecaucrime.com\/wp-content\/themes\/euc\/img\/partners\/economical.png\" alt=\"\u00c9chec au crime\" width=\"123\" height=\"24\" \/><\/div>\n<p><strong>Economical Assurance<\/strong><\/p>\n<p><a href=\"http:\/\/www.economicalinsurance.com\" target=\"_blank\" rel=\"noopener noreferrer\">www.economicalinsurance.com<\/a><\/p>\n<\/div>\n<div class=\"Block\">\n<div class=\"Image\"><img decoding=\"async\" src=\"https:\/\/echecaucrime.com\/wp-content\/themes\/euc\/img\/partners\/couche-tard.png\" alt=\"\u00c9chec au crime\" \/><\/div>\n<p><strong>Alimentation Couche-Tard inc.<\/strong><\/p>\n<p><a href=\"http:\/\/www.couche-tard.com\" target=\"_blank\" rel=\"noopener noreferrer\">www.couche-tard.com<\/a><\/p>\n<\/div>\n<div class=\"Block\">\n<div class=\"Image\"><img decoding=\"async\" src=\"https:\/\/echecaucrime.com\/wp-content\/themes\/euc\/img\/partners\/tabac-contraband.png\" alt=\"\u00c9chec au crime\" \/><\/div>\n<p><strong>Coalition nationale contre le tabac de contrebande<\/strong><\/p>\n<p><a href=\"http:\/\/stopcontrabandtobacco.ca\/\">stopcontrabandtobacco.ca\/<\/a><\/p>\n<\/div>\n<div class=\"Block\">\n<div class=\"Image\"><img decoding=\"async\" src=\"https:\/\/echecaucrime.com\/wp-content\/themes\/euc\/img\/partners\/globali.png\" alt=\"\u00c9chec au crime\" \/><\/div>\n<p><strong>Roy Speed &amp; Ross (RSR)<\/strong><\/p>\n<p><a href=\"http:\/\/www.globali.com\">www.globali.com<\/a><\/p>\n<\/div>\n<div class=\"Block\">\n<div class=\"Image\"><img decoding=\"async\" src=\"https:\/\/echecaucrime.com\/wp-content\/themes\/euc\/img\/partners\/lar.png\" alt=\"\u00c9chec au crime\" \/><\/div>\n<p><strong>Leader Auto Ressources LAR inc.<\/strong><\/p>\n<p><a href=\"http:\/\/www.larnet.com\">www.larnet.com<\/a><\/p>\n<\/div>\n<div class=\"Block\">\n<div class=\"Image\"><img decoding=\"async\" loading=\"lazy\" class=\"alignnone wp-image-310\" style=\"max-width: 97px;\" src=\"https:\/\/echecaucrime.com\/wp-content\/uploads\/2020\/05\/adpq.png\" alt=\"Association des directeurs de police du Qu\u00e9bec\" width=\"97\" height=\"111\" \/><\/div>\n<p><strong>Association des directeurs de police du Qu\u00e9bec<\/strong><\/p>\n<p><a href=\"http:\/\/adpq.qc.ca\/\" target=\"_blank\" rel=\"noopener noreferrer\">http:\/\/adpq.qc.ca\/<\/a><\/p>\n<p>450.628.9777<\/p>\n<\/div>\n<div class=\"Block\">\n<div class=\"Image\"><img decoding=\"async\" src=\"https:\/\/echecaucrime.com\/wp-content\/themes\/euc\/img\/partners\/caisse-police.png\" alt=\"\u00c9chec au crime\" \/><\/div>\n<p><strong>La force financi\u00e8re au service des policiers et polici\u00e8res.<\/strong><\/p>\n<p><a href=\"http:\/\/www.caisse-police.com\">www.caisse-police.com<\/a><\/p>\n<p>514.847.1004 \/ 1.877.847.1004<\/p>\n<\/div>\n<div class=\"Block\">\n<div class=\"Image\"><img decoding=\"async\" src=\"https:\/\/echecaucrime.com\/wp-content\/themes\/euc\/img\/partners\/berkayly.png\" alt=\"\u00c9chec au crime\" \/><\/div>\n<p><strong>Berkayly<\/strong><\/p>\n<p><a href=\"http:\/\/www.berkayly.com\">www.berkayly.com<\/a><\/p>\n<p>514 990.8077 \/ 866 567.3459<\/p>\n<\/div>\n<\/div>\n","protected":false},"excerpt":{"rendered":"<p>Crime Stoppers relies on the support of many partners or sponsors who help us continue our commitment, day after day, and implement new projects. Their assistance is vital to guarantee the organization\u2019s independence. We are truly grateful to them. Economical [&hellip;]<\/p>\n","protected":false},"author":1,"featured_media":0,"parent":79,"menu_order":0,"comment_status":"closed","ping_status":"closed","template":"page-organisme.php","meta":{"footnotes":""},"acf":[],"yoast_head":"<!-- This site is optimized with the Yoast SEO plugin v19.2 - https:\/\/yoast.com\/wordpress\/plugins\/seo\/ -->\n<title>Our Partners | echecaucrime<\/title>\n<meta name=\"robots\" content=\"index, follow, max-snippet:-1, max-image-preview:large, max-video-preview:-1\" \/>\n<link rel=\"canonical\" href=\"https:\/\/echecaucrime.com\/en\/the-organization\/our-partners\/\" \/>\n<meta property=\"og:locale\" content=\"en_US\" \/>\n<meta property=\"og:type\" content=\"article\" \/>\n<meta property=\"og:title\" content=\"Our Partners | echecaucrime\" \/>\n<meta property=\"og:description\" content=\"Crime Stoppers relies on the support of many partners or sponsors who help us continue our commitment, day after day, and implement new projects. Their assistance is vital to guarantee the organization\u2019s independence. We are truly grateful to them. Economical [&hellip;]\" \/>\n<meta property=\"og:url\" content=\"https:\/\/echecaucrime.com\/en\/the-organization\/our-partners\/\" \/>\n<meta property=\"og:site_name\" content=\"echecaucrime\" \/>\n<meta property=\"article:modified_time\" content=\"2021-01-29T16:17:03+00:00\" \/>\n<meta property=\"og:image\" content=\"https:\/\/echecaucrime.com\/wp-content\/themes\/euc\/img\/partners\/economical.png\" \/>\n<meta name=\"author\" content=\"Design\" \/>\n<meta name=\"twitter:card\" content=\"summary_large_image\" \/>\n<meta name=\"twitter:label1\" content=\"Est. reading time\" \/>\n\t<meta name=\"twitter:data1\" content=\"1 minute\" \/>\n<script type=\"application\/ld+json\" class=\"yoast-schema-graph\">{\"@context\":\"https:\/\/schema.org\",\"@graph\":[{\"@type\":\"WebSite\",\"@id\":\"https:\/\/echecaucrime.com\/#website\",\"url\":\"https:\/\/echecaucrime.com\/\",\"name\":\"echecaucrime\",\"description\":\"Au service de la communaut\u00e9 qu\u00e9b\u00e9coise depuis 1997.\",\"potentialAction\":[{\"@type\":\"SearchAction\",\"target\":{\"@type\":\"EntryPoint\",\"urlTemplate\":\"https:\/\/echecaucrime.com\/?s={search_term_string}\"},\"query-input\":\"required name=search_term_string\"}],\"inLanguage\":\"en-US\"},{\"@type\":\"ImageObject\",\"inLanguage\":\"en-US\",\"@id\":\"https:\/\/echecaucrime.com\/en\/the-organization\/our-partners\/#primaryimage\",\"url\":\"https:\/\/echecaucrime.com\/wp-content\/themes\/euc\/img\/partners\/economical.png\",\"contentUrl\":\"https:\/\/echecaucrime.com\/wp-content\/themes\/euc\/img\/partners\/economical.png\"},{\"@type\":\"WebPage\",\"@id\":\"https:\/\/echecaucrime.com\/en\/the-organization\/our-partners\/#webpage\",\"url\":\"https:\/\/echecaucrime.com\/en\/the-organization\/our-partners\/\",\"name\":\"Our Partners | echecaucrime\",\"isPartOf\":{\"@id\":\"https:\/\/echecaucrime.com\/#website\"},\"primaryImageOfPage\":{\"@id\":\"https:\/\/echecaucrime.com\/en\/the-organization\/our-partners\/#primaryimage\"},\"datePublished\":\"2019-04-16T19:53:11+00:00\",\"dateModified\":\"2021-01-29T16:17:03+00:00\",\"breadcrumb\":{\"@id\":\"https:\/\/echecaucrime.com\/en\/the-organization\/our-partners\/#breadcrumb\"},\"inLanguage\":\"en-US\",\"potentialAction\":[{\"@type\":\"ReadAction\",\"target\":[\"https:\/\/echecaucrime.com\/en\/the-organization\/our-partners\/\"]}]},{\"@type\":\"BreadcrumbList\",\"@id\":\"https:\/\/echecaucrime.com\/en\/the-organization\/our-partners\/#breadcrumb\",\"itemListElement\":[{\"@type\":\"ListItem\",\"position\":1,\"name\":\"\",\"item\":\"https:\/\/echecaucrime.com\/\"},{\"@type\":\"ListItem\",\"position\":2,\"name\":\"The Organization\",\"item\":\"https:\/\/echecaucrime.com\/en\/the-organization\/\"},{\"@type\":\"ListItem\",\"position\":3,\"name\":\"Our Partners\"}]}]}<\/script>\n<!-- \/ Yoast SEO plugin. -->","yoast_head_json":{"title":"Our Partners | echecaucrime","robots":{"index":"index","follow":"follow","max-snippet":"max-snippet:-1","max-image-preview":"max-image-preview:large","max-video-preview":"max-video-preview:-1"},"canonical":"https:\/\/echecaucrime.com\/en\/the-organization\/our-partners\/","og_locale":"en_US","og_type":"article","og_title":"Our Partners | echecaucrime","og_description":"Crime Stoppers relies on the support of many partners or sponsors who help us continue our commitment, day after day, and implement new projects. Their assistance is vital to guarantee the organization\u2019s independence. We are truly grateful to them. Economical [&hellip;]","og_url":"https:\/\/echecaucrime.com\/en\/the-organization\/our-partners\/","og_site_name":"echecaucrime","article_modified_time":"2021-01-29T16:17:03+00:00","og_image":[{"url":"https:\/\/echecaucrime.com\/wp-content\/themes\/euc\/img\/partners\/economical.png"}],"author":"Design","twitter_card":"summary_large_image","twitter_misc":{"Est. reading time":"1 minute"},"schema":{"@context":"https:\/\/schema.org","@graph":[{"@type":"WebSite","@id":"https:\/\/echecaucrime.com\/#website","url":"https:\/\/echecaucrime.com\/","name":"echecaucrime","description":"Au service de la communaut\u00e9 qu\u00e9b\u00e9coise depuis 1997.","potentialAction":[{"@type":"SearchAction","target":{"@type":"EntryPoint","urlTemplate":"https:\/\/echecaucrime.com\/?s={search_term_string}"},"query-input":"required name=search_term_string"}],"inLanguage":"en-US"},{"@type":"ImageObject","inLanguage":"en-US","@id":"https:\/\/echecaucrime.com\/en\/the-organization\/our-partners\/#primaryimage","url":"https:\/\/echecaucrime.com\/wp-content\/themes\/euc\/img\/partners\/economical.png","contentUrl":"https:\/\/echecaucrime.com\/wp-content\/themes\/euc\/img\/partners\/economical.png"},{"@type":"WebPage","@id":"https:\/\/echecaucrime.com\/en\/the-organization\/our-partners\/#webpage","url":"https:\/\/echecaucrime.com\/en\/the-organization\/our-partners\/","name":"Our Partners | echecaucrime","isPartOf":{"@id":"https:\/\/echecaucrime.com\/#website"},"primaryImageOfPage":{"@id":"https:\/\/echecaucrime.com\/en\/the-organization\/our-partners\/#primaryimage"},"datePublished":"2019-04-16T19:53:11+00:00","dateModified":"2021-01-29T16:17:03+00:00","breadcrumb":{"@id":"https:\/\/echecaucrime.com\/en\/the-organization\/our-partners\/#breadcrumb"},"inLanguage":"en-US","potentialAction":[{"@type":"ReadAction","target":["https:\/\/echecaucrime.com\/en\/the-organization\/our-partners\/"]}]},{"@type":"BreadcrumbList","@id":"https:\/\/echecaucrime.com\/en\/the-organization\/our-partners\/#breadcrumb","itemListElement":[{"@type":"ListItem","position":1,"name":"","item":"https:\/\/echecaucrime.com\/"},{"@type":"ListItem","position":2,"name":"The Organization","item":"https:\/\/echecaucrime.com\/en\/the-organization\/"},{"@type":"ListItem","position":3,"name":"Our Partners"}]}]}},"_links":{"self":[{"href":"https:\/\/echecaucrime.com\/en\/wp-json\/wp\/v2\/pages\/99"}],"collection":[{"href":"https:\/\/echecaucrime.com\/en\/wp-json\/wp\/v2\/pages"}],"about":[{"href":"https:\/\/echecaucrime.com\/en\/wp-json\/wp\/v2\/types\/page"}],"author":[{"embeddable":true,"href":"https:\/\/echecaucrime.com\/en\/wp-json\/wp\/v2\/users\/1"}],"replies":[{"embeddable":true,"href":"https:\/\/echecaucrime.com\/en\/wp-json\/wp\/v2\/comments?post=99"}],"version-history":[{"count":7,"href":"https:\/\/echecaucrime.com\/en\/wp-json\/wp\/v2\/pages\/99\/revisions"}],"predecessor-version":[{"id":537,"href":"https:\/\/echecaucrime.com\/en\/wp-json\/wp\/v2\/pages\/99\/revisions\/537"}],"up":[{"embeddable":true,"href":"https:\/\/echecaucrime.com\/en\/wp-json\/wp\/v2\/pages\/79"}],"wp:attachment":[{"href":"https:\/\/echecaucrime.com\/en\/wp-json\/wp\/v2\/media?parent=99"}],"curies":[{"name":"wp","href":"https:\/\/api.w.org\/{rel}","templated":true}]}}