{"id":91,"date":"2019-04-16T19:06:41","date_gmt":"2019-04-16T19:06:41","guid":{"rendered":"http:\/\/142.44.138.36\/~echegb\/?page_id=91"},"modified":"2021-04-14T13:42:06","modified_gmt":"2021-04-14T13:42:06","slug":"structure-funding","status":"publish","type":"page","link":"https:\/\/echecaucrime.com\/en\/the-organization\/structure-funding\/","title":{"rendered":"Structure &#038; Funding"},"content":{"rendered":"<h2>Board of Directors<\/h2>\n<div class=\"TwoColBlock\">\n<div class=\"Block\">\n<p><strong>President<\/strong><br \/>\nPatrick Gaudreau<\/p>\n<p><strong>Vice-President<\/strong><br \/>\nRichard Poirier<\/p>\n<p><strong>Secretary<\/strong><br \/>\nSylvain Boissonneault<\/p>\n<p><strong>Treasurer<\/strong><br \/>\nGinette Poirier<\/p>\n<\/div>\n<div class=\"Block\">\n<p><strong>Administrators<br \/>\n<\/strong>Tom McConnell<\/p>\n<p>Normand Desloges<\/p>\n<p>Robert Th\u00e9or\u00eat<\/p>\n<p><strong>Executive management<br \/>\n<\/strong>Guy Desmarais, Executive Director<\/p>\n<p>Claudine Ouellet, Analyst<\/p>\n<\/div>\n<div class=\"Block\">\n<h3>Thanks to our former Presidents<\/h3>\n<p>Raymond Medza (1996-2000)-founder<\/p>\n<p>Jacques Boucher (2000-2007)*<\/p>\n<p>Serge Lescarbeau (1996-2003)<\/p>\n<p>Normand Savoie (2007-2011)<\/p>\n<p>Richard Bourdon (2011-2012)<\/p>\n<p>Tom McConnell (2012-2016)<\/p>\n<p>Richard Poirier (2016-2021)<\/p>\n<\/div>\n<div class=\"Block\">\n<h3>In memory of<\/h3>\n<p>Michel Auger<\/p>\n<p>Claude LeBlanc<\/p>\n<p>Bertrand Gosselin<\/p>\n<\/div>\n<div class=\"Block\">\n<h3>Local committees<\/h3>\n<p><strong>Brome-Missisquoi\/Haute-Yamaska<\/strong><br \/>\nPresident \/ Nicole Freni\u00e8re<\/p>\n<p><strong>Sherbrooke<\/strong><br \/>\nPresident \/ Jocelyn Forgues<\/p>\n<\/div>\n<\/div>\n","protected":false},"excerpt":{"rendered":"<p>Board of Directors President Patrick Gaudreau Vice-President Richard Poirier Secretary Sylvain Boissonneault Treasurer Ginette Poirier Administrators Tom McConnell Normand Desloges Robert Th\u00e9or\u00eat Executive management Guy Desmarais, Executive Director Claudine Ouellet, Analyst Thanks to our former Presidents Raymond Medza (1996-2000)-founder Jacques [&hellip;]<\/p>\n","protected":false},"author":1,"featured_media":0,"parent":79,"menu_order":0,"comment_status":"closed","ping_status":"closed","template":"page-organisme.php","meta":{"footnotes":""},"acf":[],"yoast_head":"<!-- This site is optimized with the Yoast SEO plugin v19.2 - https:\/\/yoast.com\/wordpress\/plugins\/seo\/ -->\n<title>Structure &amp; Funding | echecaucrime<\/title>\n<meta name=\"robots\" content=\"index, follow, max-snippet:-1, max-image-preview:large, max-video-preview:-1\" \/>\n<link rel=\"canonical\" href=\"https:\/\/echecaucrime.com\/en\/the-organization\/structure-funding\/\" \/>\n<meta property=\"og:locale\" content=\"en_US\" \/>\n<meta property=\"og:type\" content=\"article\" \/>\n<meta property=\"og:title\" content=\"Structure &amp; Funding | echecaucrime\" \/>\n<meta property=\"og:description\" content=\"Board of Directors President Patrick Gaudreau Vice-President Richard Poirier Secretary Sylvain Boissonneault Treasurer Ginette Poirier Administrators Tom McConnell Normand Desloges Robert Th\u00e9or\u00eat Executive management Guy Desmarais, Executive Director Claudine Ouellet, Analyst Thanks to our former Presidents Raymond Medza (1996-2000)-founder Jacques [&hellip;]\" \/>\n<meta property=\"og:url\" content=\"https:\/\/echecaucrime.com\/en\/the-organization\/structure-funding\/\" \/>\n<meta property=\"og:site_name\" content=\"echecaucrime\" \/>\n<meta property=\"article:modified_time\" content=\"2021-04-14T13:42:06+00:00\" \/>\n<meta name=\"author\" content=\"Design\" \/>\n<meta name=\"twitter:card\" content=\"summary_large_image\" \/>\n<script type=\"application\/ld+json\" class=\"yoast-schema-graph\">{\"@context\":\"https:\/\/schema.org\",\"@graph\":[{\"@type\":\"WebSite\",\"@id\":\"https:\/\/echecaucrime.com\/#website\",\"url\":\"https:\/\/echecaucrime.com\/\",\"name\":\"echecaucrime\",\"description\":\"Au service de la communaut\u00e9 qu\u00e9b\u00e9coise depuis 1997.\",\"potentialAction\":[{\"@type\":\"SearchAction\",\"target\":{\"@type\":\"EntryPoint\",\"urlTemplate\":\"https:\/\/echecaucrime.com\/?s={search_term_string}\"},\"query-input\":\"required name=search_term_string\"}],\"inLanguage\":\"en-US\"},{\"@type\":\"WebPage\",\"@id\":\"https:\/\/echecaucrime.com\/en\/the-organization\/structure-funding\/#webpage\",\"url\":\"https:\/\/echecaucrime.com\/en\/the-organization\/structure-funding\/\",\"name\":\"Structure & Funding | echecaucrime\",\"isPartOf\":{\"@id\":\"https:\/\/echecaucrime.com\/#website\"},\"datePublished\":\"2019-04-16T19:06:41+00:00\",\"dateModified\":\"2021-04-14T13:42:06+00:00\",\"breadcrumb\":{\"@id\":\"https:\/\/echecaucrime.com\/en\/the-organization\/structure-funding\/#breadcrumb\"},\"inLanguage\":\"en-US\",\"potentialAction\":[{\"@type\":\"ReadAction\",\"target\":[\"https:\/\/echecaucrime.com\/en\/the-organization\/structure-funding\/\"]}]},{\"@type\":\"BreadcrumbList\",\"@id\":\"https:\/\/echecaucrime.com\/en\/the-organization\/structure-funding\/#breadcrumb\",\"itemListElement\":[{\"@type\":\"ListItem\",\"position\":1,\"name\":\"\",\"item\":\"https:\/\/echecaucrime.com\/\"},{\"@type\":\"ListItem\",\"position\":2,\"name\":\"The Organization\",\"item\":\"https:\/\/echecaucrime.com\/en\/the-organization\/\"},{\"@type\":\"ListItem\",\"position\":3,\"name\":\"Structure &#038; Funding\"}]}]}<\/script>\n<!-- \/ Yoast SEO plugin. -->","yoast_head_json":{"title":"Structure & Funding | echecaucrime","robots":{"index":"index","follow":"follow","max-snippet":"max-snippet:-1","max-image-preview":"max-image-preview:large","max-video-preview":"max-video-preview:-1"},"canonical":"https:\/\/echecaucrime.com\/en\/the-organization\/structure-funding\/","og_locale":"en_US","og_type":"article","og_title":"Structure & Funding | echecaucrime","og_description":"Board of Directors President Patrick Gaudreau Vice-President Richard Poirier Secretary Sylvain Boissonneault Treasurer Ginette Poirier Administrators Tom McConnell Normand Desloges Robert Th\u00e9or\u00eat Executive management Guy Desmarais, Executive Director Claudine Ouellet, Analyst Thanks to our former Presidents Raymond Medza (1996-2000)-founder Jacques [&hellip;]","og_url":"https:\/\/echecaucrime.com\/en\/the-organization\/structure-funding\/","og_site_name":"echecaucrime","article_modified_time":"2021-04-14T13:42:06+00:00","author":"Design","twitter_card":"summary_large_image","schema":{"@context":"https:\/\/schema.org","@graph":[{"@type":"WebSite","@id":"https:\/\/echecaucrime.com\/#website","url":"https:\/\/echecaucrime.com\/","name":"echecaucrime","description":"Au service de la communaut\u00e9 qu\u00e9b\u00e9coise depuis 1997.","potentialAction":[{"@type":"SearchAction","target":{"@type":"EntryPoint","urlTemplate":"https:\/\/echecaucrime.com\/?s={search_term_string}"},"query-input":"required name=search_term_string"}],"inLanguage":"en-US"},{"@type":"WebPage","@id":"https:\/\/echecaucrime.com\/en\/the-organization\/structure-funding\/#webpage","url":"https:\/\/echecaucrime.com\/en\/the-organization\/structure-funding\/","name":"Structure & Funding | echecaucrime","isPartOf":{"@id":"https:\/\/echecaucrime.com\/#website"},"datePublished":"2019-04-16T19:06:41+00:00","dateModified":"2021-04-14T13:42:06+00:00","breadcrumb":{"@id":"https:\/\/echecaucrime.com\/en\/the-organization\/structure-funding\/#breadcrumb"},"inLanguage":"en-US","potentialAction":[{"@type":"ReadAction","target":["https:\/\/echecaucrime.com\/en\/the-organization\/structure-funding\/"]}]},{"@type":"BreadcrumbList","@id":"https:\/\/echecaucrime.com\/en\/the-organization\/structure-funding\/#breadcrumb","itemListElement":[{"@type":"ListItem","position":1,"name":"","item":"https:\/\/echecaucrime.com\/"},{"@type":"ListItem","position":2,"name":"The Organization","item":"https:\/\/echecaucrime.com\/en\/the-organization\/"},{"@type":"ListItem","position":3,"name":"Structure &#038; Funding"}]}]}},"_links":{"self":[{"href":"https:\/\/echecaucrime.com\/en\/wp-json\/wp\/v2\/pages\/91"}],"collection":[{"href":"https:\/\/echecaucrime.com\/en\/wp-json\/wp\/v2\/pages"}],"about":[{"href":"https:\/\/echecaucrime.com\/en\/wp-json\/wp\/v2\/types\/page"}],"author":[{"embeddable":true,"href":"https:\/\/echecaucrime.com\/en\/wp-json\/wp\/v2\/users\/1"}],"replies":[{"embeddable":true,"href":"https:\/\/echecaucrime.com\/en\/wp-json\/wp\/v2\/comments?post=91"}],"version-history":[{"count":1,"href":"https:\/\/echecaucrime.com\/en\/wp-json\/wp\/v2\/pages\/91\/revisions"}],"predecessor-version":[{"id":92,"href":"https:\/\/echecaucrime.com\/en\/wp-json\/wp\/v2\/pages\/91\/revisions\/92"}],"up":[{"embeddable":true,"href":"https:\/\/echecaucrime.com\/en\/wp-json\/wp\/v2\/pages\/79"}],"wp:attachment":[{"href":"https:\/\/echecaucrime.com\/en\/wp-json\/wp\/v2\/media?parent=91"}],"curies":[{"name":"wp","href":"https:\/\/api.w.org\/{rel}","templated":true}]}}