{"id":87,"date":"2019-04-16T17:54:21","date_gmt":"2019-04-16T17:54:21","guid":{"rendered":"http:\/\/142.44.138.36\/~echegb\/?page_id=87"},"modified":"2019-12-20T03:24:58","modified_gmt":"2019-12-20T03:24:58","slug":"how-does-it-work","status":"publish","type":"page","link":"https:\/\/echecaucrime.com\/en\/the-organization\/how-does-it-work\/","title":{"rendered":"How does it work?"},"content":{"rendered":"<h3>Crime Stoppers Structure and Funding<\/h3>\n<p><strong>Crime Stoppers <\/strong>is a not-for-profit organization. We are not a police organization. Community safety is essential to us. We operate throughout Quebec and have partnership agreements with all police forces and many federal &amp; provincial law enforcement organizations.<\/p>\n<p>The organization is administered by a board of directors comprised of volunteers. <strong>Crime Stoppers<\/strong> is funded through private donations as well as profits generated through the organization of social events (golf tournaments, dinners, fundraisers). The funding necessary for our operations and distribution of rewards stems from these activities.<\/p>\n<p>We offer anyone who wishes to report a crime, or submit information on any type of criminal activity, the opportunity to do so anonymously.<\/p>\n<p>Your name, address, or telephone number are not of interest to us.<\/p>\n<p>What we want is information which, once disseminated to the police, will help solve crimes, end criminal activity, and improve the safety of you and your loved ones.<\/p>\n<p>There are two ways that you can anonymously submit information.<\/p>\n<h3>Telephone calls<\/h3>\n<p>We can be reached at 1 800-711-1800. This line belongs to <strong>Crime Stoppers<\/strong>, and calls cannot be traced and are not recorded. We will assign you a caller number which will allow us, if you request, to collect a reward of up to $2,000.<\/p>\n<p>Once a report written by one of our employees is completed, the information is submitted to the police force and\/or relevant law enforcement partner organizations. Before submitting the report, any information that may identify the caller is destroyed. By guaranteeing anonymity, we create a positive atmosphere, free from constraints and fear of reprisals.<\/p>\n<h3>Website<\/h3>\n<p>On the <a href=\"https:\/\/echecaucrime.com\/en\/providing-information-online\/\">Online reporting<\/a> tab, you are invited to complete a question form. It may seem long, but it is comprehensive and permits the inclusion of more details to aid police. Upon submission of the form, you will be assigned a reference number. This number will allow you to provide additional information and will allow us, if requested, to grant you a reward of up to $ 2,000.<\/p>\n<p>As on the phone, a report will be written by one of our employees and sent to the police department responsible for conducting the investigation. All elements that could identify the submitting party are removed and destroyed. It&#8217;s anonymous, we guarantee it.<\/p>\n<h3>Does it work?<\/h3>\n<p>Click on the \u201c<a href=\"https:\/\/echecaucrime.com\/en\/statistics\/\">Statistics<\/a>\u201d tab to view measures of our success. It works, but we would like it to work better. To accomplish this, we need your help. By helping us, you help the police, but above all you help yourself.<\/p>\n<p>Since our inception, we have received several thousand calls, resulting in hundreds of arrests, recovery of substantial amounts of money, and seizure of millions of dollars worth of drugs. We have helped solve all kinds of crimes, including murder, rape, violence, drug trafficking, etc.<\/p>\n<p>Other benefits include:<\/p>\n<ul>\n<li>Greater public awareness of crime in local communities<\/li>\n<li>Community willingness to fight crime and contribute to its prevention<\/li>\n<li>Better relationships between the police, the media, and citizens<\/li>\n<\/ul>\n","protected":false},"excerpt":{"rendered":"<p>Crime Stoppers Structure and Funding Crime Stoppers is a not-for-profit organization. We are not a police organization. Community safety is essential to us. We operate throughout Quebec and have partnership agreements with all police forces and many federal &amp; provincial [&hellip;]<\/p>\n","protected":false},"author":1,"featured_media":0,"parent":79,"menu_order":0,"comment_status":"closed","ping_status":"closed","template":"page-organisme.php","meta":{"footnotes":""},"acf":[],"yoast_head":"<!-- This site is optimized with the Yoast SEO plugin v19.2 - https:\/\/yoast.com\/wordpress\/plugins\/seo\/ -->\n<title>How does it work? | echecaucrime<\/title>\n<meta name=\"robots\" content=\"index, follow, max-snippet:-1, max-image-preview:large, max-video-preview:-1\" \/>\n<link rel=\"canonical\" href=\"https:\/\/echecaucrime.com\/en\/the-organization\/how-does-it-work\/\" \/>\n<meta property=\"og:locale\" content=\"en_US\" \/>\n<meta property=\"og:type\" content=\"article\" \/>\n<meta property=\"og:title\" content=\"How does it work? | echecaucrime\" \/>\n<meta property=\"og:description\" content=\"Crime Stoppers Structure and Funding Crime Stoppers is a not-for-profit organization. We are not a police organization. Community safety is essential to us. We operate throughout Quebec and have partnership agreements with all police forces and many federal &amp; provincial [&hellip;]\" \/>\n<meta property=\"og:url\" content=\"https:\/\/echecaucrime.com\/en\/the-organization\/how-does-it-work\/\" \/>\n<meta property=\"og:site_name\" content=\"echecaucrime\" \/>\n<meta property=\"article:modified_time\" content=\"2019-12-20T03:24:58+00:00\" \/>\n<meta name=\"author\" content=\"Design\" \/>\n<meta name=\"twitter:card\" content=\"summary_large_image\" \/>\n<meta name=\"twitter:label1\" content=\"Est. reading time\" \/>\n\t<meta name=\"twitter:data1\" content=\"2 minutes\" \/>\n<script type=\"application\/ld+json\" class=\"yoast-schema-graph\">{\"@context\":\"https:\/\/schema.org\",\"@graph\":[{\"@type\":\"WebSite\",\"@id\":\"https:\/\/echecaucrime.com\/#website\",\"url\":\"https:\/\/echecaucrime.com\/\",\"name\":\"echecaucrime\",\"description\":\"Au service de la communaut\u00e9 qu\u00e9b\u00e9coise depuis 1997.\",\"potentialAction\":[{\"@type\":\"SearchAction\",\"target\":{\"@type\":\"EntryPoint\",\"urlTemplate\":\"https:\/\/echecaucrime.com\/?s={search_term_string}\"},\"query-input\":\"required name=search_term_string\"}],\"inLanguage\":\"en-US\"},{\"@type\":\"WebPage\",\"@id\":\"https:\/\/echecaucrime.com\/en\/the-organization\/how-does-it-work\/#webpage\",\"url\":\"https:\/\/echecaucrime.com\/en\/the-organization\/how-does-it-work\/\",\"name\":\"How does it work? | echecaucrime\",\"isPartOf\":{\"@id\":\"https:\/\/echecaucrime.com\/#website\"},\"datePublished\":\"2019-04-16T17:54:21+00:00\",\"dateModified\":\"2019-12-20T03:24:58+00:00\",\"breadcrumb\":{\"@id\":\"https:\/\/echecaucrime.com\/en\/the-organization\/how-does-it-work\/#breadcrumb\"},\"inLanguage\":\"en-US\",\"potentialAction\":[{\"@type\":\"ReadAction\",\"target\":[\"https:\/\/echecaucrime.com\/en\/the-organization\/how-does-it-work\/\"]}]},{\"@type\":\"BreadcrumbList\",\"@id\":\"https:\/\/echecaucrime.com\/en\/the-organization\/how-does-it-work\/#breadcrumb\",\"itemListElement\":[{\"@type\":\"ListItem\",\"position\":1,\"name\":\"\",\"item\":\"https:\/\/echecaucrime.com\/\"},{\"@type\":\"ListItem\",\"position\":2,\"name\":\"The Organization\",\"item\":\"https:\/\/echecaucrime.com\/en\/the-organization\/\"},{\"@type\":\"ListItem\",\"position\":3,\"name\":\"How does it work?\"}]}]}<\/script>\n<!-- \/ Yoast SEO plugin. -->","yoast_head_json":{"title":"How does it work? | echecaucrime","robots":{"index":"index","follow":"follow","max-snippet":"max-snippet:-1","max-image-preview":"max-image-preview:large","max-video-preview":"max-video-preview:-1"},"canonical":"https:\/\/echecaucrime.com\/en\/the-organization\/how-does-it-work\/","og_locale":"en_US","og_type":"article","og_title":"How does it work? | echecaucrime","og_description":"Crime Stoppers Structure and Funding Crime Stoppers is a not-for-profit organization. We are not a police organization. Community safety is essential to us. We operate throughout Quebec and have partnership agreements with all police forces and many federal &amp; provincial [&hellip;]","og_url":"https:\/\/echecaucrime.com\/en\/the-organization\/how-does-it-work\/","og_site_name":"echecaucrime","article_modified_time":"2019-12-20T03:24:58+00:00","author":"Design","twitter_card":"summary_large_image","twitter_misc":{"Est. reading time":"2 minutes"},"schema":{"@context":"https:\/\/schema.org","@graph":[{"@type":"WebSite","@id":"https:\/\/echecaucrime.com\/#website","url":"https:\/\/echecaucrime.com\/","name":"echecaucrime","description":"Au service de la communaut\u00e9 qu\u00e9b\u00e9coise depuis 1997.","potentialAction":[{"@type":"SearchAction","target":{"@type":"EntryPoint","urlTemplate":"https:\/\/echecaucrime.com\/?s={search_term_string}"},"query-input":"required name=search_term_string"}],"inLanguage":"en-US"},{"@type":"WebPage","@id":"https:\/\/echecaucrime.com\/en\/the-organization\/how-does-it-work\/#webpage","url":"https:\/\/echecaucrime.com\/en\/the-organization\/how-does-it-work\/","name":"How does it work? | echecaucrime","isPartOf":{"@id":"https:\/\/echecaucrime.com\/#website"},"datePublished":"2019-04-16T17:54:21+00:00","dateModified":"2019-12-20T03:24:58+00:00","breadcrumb":{"@id":"https:\/\/echecaucrime.com\/en\/the-organization\/how-does-it-work\/#breadcrumb"},"inLanguage":"en-US","potentialAction":[{"@type":"ReadAction","target":["https:\/\/echecaucrime.com\/en\/the-organization\/how-does-it-work\/"]}]},{"@type":"BreadcrumbList","@id":"https:\/\/echecaucrime.com\/en\/the-organization\/how-does-it-work\/#breadcrumb","itemListElement":[{"@type":"ListItem","position":1,"name":"","item":"https:\/\/echecaucrime.com\/"},{"@type":"ListItem","position":2,"name":"The Organization","item":"https:\/\/echecaucrime.com\/en\/the-organization\/"},{"@type":"ListItem","position":3,"name":"How does it work?"}]}]}},"_links":{"self":[{"href":"https:\/\/echecaucrime.com\/en\/wp-json\/wp\/v2\/pages\/87"}],"collection":[{"href":"https:\/\/echecaucrime.com\/en\/wp-json\/wp\/v2\/pages"}],"about":[{"href":"https:\/\/echecaucrime.com\/en\/wp-json\/wp\/v2\/types\/page"}],"author":[{"embeddable":true,"href":"https:\/\/echecaucrime.com\/en\/wp-json\/wp\/v2\/users\/1"}],"replies":[{"embeddable":true,"href":"https:\/\/echecaucrime.com\/en\/wp-json\/wp\/v2\/comments?post=87"}],"version-history":[{"count":2,"href":"https:\/\/echecaucrime.com\/en\/wp-json\/wp\/v2\/pages\/87\/revisions"}],"predecessor-version":[{"id":89,"href":"https:\/\/echecaucrime.com\/en\/wp-json\/wp\/v2\/pages\/87\/revisions\/89"}],"up":[{"embeddable":true,"href":"https:\/\/echecaucrime.com\/en\/wp-json\/wp\/v2\/pages\/79"}],"wp:attachment":[{"href":"https:\/\/echecaucrime.com\/en\/wp-json\/wp\/v2\/media?parent=87"}],"curies":[{"name":"wp","href":"https:\/\/api.w.org\/{rel}","templated":true}]}}