{"id":82,"date":"2019-04-16T17:48:12","date_gmt":"2019-04-16T17:48:12","guid":{"rendered":"http:\/\/142.44.138.36\/~echegb\/?page_id=82"},"modified":"2021-04-14T13:32:41","modified_gmt":"2021-04-14T13:32:41","slug":"a-word-from-the-president","status":"publish","type":"page","link":"https:\/\/echecaucrime.com\/en\/the-organization\/a-word-from-the-president\/","title":{"rendered":"A word from the President"},"content":{"rendered":"<p><strong>Dear visitors,<\/strong><\/p>\n<p>For 25 years now, we have been supporting you and working together to make <strong>Crime Stoppers<\/strong>! It was on February 13, 1996 that Mr. Raymond Medza chaired the first meeting of the Board of Directors of the organization then known as Info-crime Quebec inc.<\/p>\n<p>On May 8, 1996, the Financial Institutions General Inspector issued the letters patent to info-crime Qu\u00e9bec. Since that time, Info-crime Qu\u00e9bec has changed its name to the one you know today, <strong>Crime Stoppers Quebec<\/strong>.<\/p>\n<p>Each year, we receive numerous reports of criminal information which we forward to the police services while preserving the <strong>ANONYMITY<\/strong> of the caller. <strong>Crime Stoppers<\/strong> activities are possible in large part because of your valuable information.<\/p>\n<p>Even today, we respect the vision that was expressed by our founders and we wish to continue for several years to awaken the social conscience of citizens, to sensitize them to their civic responsibilities and to help the police in their efforts to protect society from crime.<\/p>\n<p>2021 is a year of great change for many and <strong>Crime Stoppers<\/strong> is no exception. This year we bring you our revamped website and improved, easy-to-use online reporting module.<\/p>\n<p>You can also reach us by phone at <strong>1-800-711-1800<\/strong>.<\/p>\n<p>Thank you for your visit and <strong>Together, we are Crime Stoppers<\/strong>!<\/p>\n<p>&nbsp;<\/p>\n<p><strong>President<br \/>\n<\/strong><strong>Patrick Gaudreau<\/strong><strong><br \/>\n<\/strong><\/p>\n","protected":false},"excerpt":{"rendered":"<p>Dear visitors, For 25 years now, we have been supporting you and working together to make Crime Stoppers! It was on February 13, 1996 that Mr. Raymond Medza chaired the first meeting of the Board of Directors of the organization [&hellip;]<\/p>\n","protected":false},"author":1,"featured_media":0,"parent":79,"menu_order":0,"comment_status":"closed","ping_status":"closed","template":"page-organisme.php","meta":{"footnotes":""},"acf":[],"yoast_head":"<!-- This site is optimized with the Yoast SEO plugin v19.2 - https:\/\/yoast.com\/wordpress\/plugins\/seo\/ -->\n<title>A word from the President | echecaucrime<\/title>\n<meta name=\"robots\" content=\"index, follow, max-snippet:-1, max-image-preview:large, max-video-preview:-1\" \/>\n<link rel=\"canonical\" href=\"https:\/\/echecaucrime.com\/en\/the-organization\/a-word-from-the-president\/\" \/>\n<meta property=\"og:locale\" content=\"en_US\" \/>\n<meta property=\"og:type\" content=\"article\" \/>\n<meta property=\"og:title\" content=\"A word from the President | echecaucrime\" \/>\n<meta property=\"og:description\" content=\"Dear visitors, For 25 years now, we have been supporting you and working together to make Crime Stoppers! It was on February 13, 1996 that Mr. Raymond Medza chaired the first meeting of the Board of Directors of the organization [&hellip;]\" \/>\n<meta property=\"og:url\" content=\"https:\/\/echecaucrime.com\/en\/the-organization\/a-word-from-the-president\/\" \/>\n<meta property=\"og:site_name\" content=\"echecaucrime\" \/>\n<meta property=\"article:modified_time\" content=\"2021-04-14T13:32:41+00:00\" \/>\n<meta name=\"author\" content=\"Design\" \/>\n<meta name=\"twitter:card\" content=\"summary_large_image\" \/>\n<meta name=\"twitter:label1\" content=\"Est. reading time\" \/>\n\t<meta name=\"twitter:data1\" content=\"1 minute\" \/>\n<script type=\"application\/ld+json\" class=\"yoast-schema-graph\">{\"@context\":\"https:\/\/schema.org\",\"@graph\":[{\"@type\":\"WebSite\",\"@id\":\"https:\/\/echecaucrime.com\/#website\",\"url\":\"https:\/\/echecaucrime.com\/\",\"name\":\"echecaucrime\",\"description\":\"Au service de la communaut\u00e9 qu\u00e9b\u00e9coise depuis 1997.\",\"potentialAction\":[{\"@type\":\"SearchAction\",\"target\":{\"@type\":\"EntryPoint\",\"urlTemplate\":\"https:\/\/echecaucrime.com\/?s={search_term_string}\"},\"query-input\":\"required name=search_term_string\"}],\"inLanguage\":\"en-US\"},{\"@type\":\"WebPage\",\"@id\":\"https:\/\/echecaucrime.com\/en\/the-organization\/a-word-from-the-president\/#webpage\",\"url\":\"https:\/\/echecaucrime.com\/en\/the-organization\/a-word-from-the-president\/\",\"name\":\"A word from the President | echecaucrime\",\"isPartOf\":{\"@id\":\"https:\/\/echecaucrime.com\/#website\"},\"datePublished\":\"2019-04-16T17:48:12+00:00\",\"dateModified\":\"2021-04-14T13:32:41+00:00\",\"breadcrumb\":{\"@id\":\"https:\/\/echecaucrime.com\/en\/the-organization\/a-word-from-the-president\/#breadcrumb\"},\"inLanguage\":\"en-US\",\"potentialAction\":[{\"@type\":\"ReadAction\",\"target\":[\"https:\/\/echecaucrime.com\/en\/the-organization\/a-word-from-the-president\/\"]}]},{\"@type\":\"BreadcrumbList\",\"@id\":\"https:\/\/echecaucrime.com\/en\/the-organization\/a-word-from-the-president\/#breadcrumb\",\"itemListElement\":[{\"@type\":\"ListItem\",\"position\":1,\"name\":\"\",\"item\":\"https:\/\/echecaucrime.com\/\"},{\"@type\":\"ListItem\",\"position\":2,\"name\":\"The Organization\",\"item\":\"https:\/\/echecaucrime.com\/en\/the-organization\/\"},{\"@type\":\"ListItem\",\"position\":3,\"name\":\"A word from the President\"}]}]}<\/script>\n<!-- \/ Yoast SEO plugin. -->","yoast_head_json":{"title":"A word from the President | echecaucrime","robots":{"index":"index","follow":"follow","max-snippet":"max-snippet:-1","max-image-preview":"max-image-preview:large","max-video-preview":"max-video-preview:-1"},"canonical":"https:\/\/echecaucrime.com\/en\/the-organization\/a-word-from-the-president\/","og_locale":"en_US","og_type":"article","og_title":"A word from the President | echecaucrime","og_description":"Dear visitors, For 25 years now, we have been supporting you and working together to make Crime Stoppers! It was on February 13, 1996 that Mr. Raymond Medza chaired the first meeting of the Board of Directors of the organization [&hellip;]","og_url":"https:\/\/echecaucrime.com\/en\/the-organization\/a-word-from-the-president\/","og_site_name":"echecaucrime","article_modified_time":"2021-04-14T13:32:41+00:00","author":"Design","twitter_card":"summary_large_image","twitter_misc":{"Est. reading time":"1 minute"},"schema":{"@context":"https:\/\/schema.org","@graph":[{"@type":"WebSite","@id":"https:\/\/echecaucrime.com\/#website","url":"https:\/\/echecaucrime.com\/","name":"echecaucrime","description":"Au service de la communaut\u00e9 qu\u00e9b\u00e9coise depuis 1997.","potentialAction":[{"@type":"SearchAction","target":{"@type":"EntryPoint","urlTemplate":"https:\/\/echecaucrime.com\/?s={search_term_string}"},"query-input":"required name=search_term_string"}],"inLanguage":"en-US"},{"@type":"WebPage","@id":"https:\/\/echecaucrime.com\/en\/the-organization\/a-word-from-the-president\/#webpage","url":"https:\/\/echecaucrime.com\/en\/the-organization\/a-word-from-the-president\/","name":"A word from the President | echecaucrime","isPartOf":{"@id":"https:\/\/echecaucrime.com\/#website"},"datePublished":"2019-04-16T17:48:12+00:00","dateModified":"2021-04-14T13:32:41+00:00","breadcrumb":{"@id":"https:\/\/echecaucrime.com\/en\/the-organization\/a-word-from-the-president\/#breadcrumb"},"inLanguage":"en-US","potentialAction":[{"@type":"ReadAction","target":["https:\/\/echecaucrime.com\/en\/the-organization\/a-word-from-the-president\/"]}]},{"@type":"BreadcrumbList","@id":"https:\/\/echecaucrime.com\/en\/the-organization\/a-word-from-the-president\/#breadcrumb","itemListElement":[{"@type":"ListItem","position":1,"name":"","item":"https:\/\/echecaucrime.com\/"},{"@type":"ListItem","position":2,"name":"The Organization","item":"https:\/\/echecaucrime.com\/en\/the-organization\/"},{"@type":"ListItem","position":3,"name":"A word from the President"}]}]}},"_links":{"self":[{"href":"https:\/\/echecaucrime.com\/en\/wp-json\/wp\/v2\/pages\/82"}],"collection":[{"href":"https:\/\/echecaucrime.com\/en\/wp-json\/wp\/v2\/pages"}],"about":[{"href":"https:\/\/echecaucrime.com\/en\/wp-json\/wp\/v2\/types\/page"}],"author":[{"embeddable":true,"href":"https:\/\/echecaucrime.com\/en\/wp-json\/wp\/v2\/users\/1"}],"replies":[{"embeddable":true,"href":"https:\/\/echecaucrime.com\/en\/wp-json\/wp\/v2\/comments?post=82"}],"version-history":[{"count":2,"href":"https:\/\/echecaucrime.com\/en\/wp-json\/wp\/v2\/pages\/82\/revisions"}],"predecessor-version":[{"id":84,"href":"https:\/\/echecaucrime.com\/en\/wp-json\/wp\/v2\/pages\/82\/revisions\/84"}],"up":[{"embeddable":true,"href":"https:\/\/echecaucrime.com\/en\/wp-json\/wp\/v2\/pages\/79"}],"wp:attachment":[{"href":"https:\/\/echecaucrime.com\/en\/wp-json\/wp\/v2\/media?parent=82"}],"curies":[{"name":"wp","href":"https:\/\/api.w.org\/{rel}","templated":true}]}}