{"id":79,"date":"2019-04-16T17:45:07","date_gmt":"2019-04-16T17:45:07","guid":{"rendered":"http:\/\/142.44.138.36\/~echegb\/?page_id=79"},"modified":"2019-04-16T17:45:49","modified_gmt":"2019-04-16T17:45:49","slug":"the-organization","status":"publish","type":"page","link":"https:\/\/echecaucrime.com\/en\/the-organization\/","title":{"rendered":"The Organization"},"content":{"rendered":"<h2>Introduction<\/h2>\n<p>Crime Stoppers is a non-profit organization founded on May 8, 1996. After becoming active in 1997, it operated under the name Info-Crime Qu\u00e9bec until a name change in October 2012. It administers a program that gives Quebec residents a way to report crimes anonymously. The concept was developed based on the principles of Canada\u2019s Crime Stoppers program. Thanks to the hard work of the initial volunteers, our program is now a success.<\/p>\n<p><em>Crime Stoppers<\/em> activities result in criminal arrests, seizure of stolen goods and narcotics, faster progress of certain police investigations, and raised community awareness of crime prevention.<\/p>\n<p><em>Crime Stoppers<\/em> administers and supports a network of affiliated regional groups in Quebec to help promote the organization, funding and raised awareness for regional residents.<\/p>\n<p>The program is managed by volunteers and based on cooperation between police, the media and the community, to prevent and stop crime. Crime Stoppers is funded by government grants, community fundraising activities, and direct fundraising.<\/p>\n<p>Together, we make up <em>Crime Stoppers<\/em>!<\/p>\n","protected":false},"excerpt":{"rendered":"<p>Introduction Crime Stoppers is a non-profit organization founded on May 8, 1996. After becoming active in 1997, it operated under the name Info-Crime Qu\u00e9bec until a name change in October 2012. It administers a program that gives Quebec residents a [&hellip;]<\/p>\n","protected":false},"author":1,"featured_media":0,"parent":0,"menu_order":0,"comment_status":"closed","ping_status":"closed","template":"page-organisme.php","meta":{"footnotes":""},"acf":[],"yoast_head":"<!-- This site is optimized with the Yoast SEO plugin v19.2 - https:\/\/yoast.com\/wordpress\/plugins\/seo\/ -->\n<title>The Organization | echecaucrime<\/title>\n<meta name=\"robots\" content=\"index, follow, max-snippet:-1, max-image-preview:large, max-video-preview:-1\" \/>\n<link rel=\"canonical\" href=\"https:\/\/echecaucrime.com\/en\/the-organization\/\" \/>\n<meta property=\"og:locale\" content=\"en_US\" \/>\n<meta property=\"og:type\" content=\"article\" \/>\n<meta property=\"og:title\" content=\"The Organization | echecaucrime\" \/>\n<meta property=\"og:description\" content=\"Introduction Crime Stoppers is a non-profit organization founded on May 8, 1996. After becoming active in 1997, it operated under the name Info-Crime Qu\u00e9bec until a name change in October 2012. It administers a program that gives Quebec residents a [&hellip;]\" \/>\n<meta property=\"og:url\" content=\"https:\/\/echecaucrime.com\/en\/the-organization\/\" \/>\n<meta property=\"og:site_name\" content=\"echecaucrime\" \/>\n<meta property=\"article:modified_time\" content=\"2019-04-16T17:45:49+00:00\" \/>\n<meta name=\"author\" content=\"Design\" \/>\n<meta name=\"twitter:card\" content=\"summary_large_image\" \/>\n<meta name=\"twitter:label1\" content=\"Est. reading time\" \/>\n\t<meta name=\"twitter:data1\" content=\"1 minute\" \/>\n<script type=\"application\/ld+json\" class=\"yoast-schema-graph\">{\"@context\":\"https:\/\/schema.org\",\"@graph\":[{\"@type\":\"WebSite\",\"@id\":\"https:\/\/echecaucrime.com\/#website\",\"url\":\"https:\/\/echecaucrime.com\/\",\"name\":\"echecaucrime\",\"description\":\"Au service de la communaut\u00e9 qu\u00e9b\u00e9coise depuis 1997.\",\"potentialAction\":[{\"@type\":\"SearchAction\",\"target\":{\"@type\":\"EntryPoint\",\"urlTemplate\":\"https:\/\/echecaucrime.com\/?s={search_term_string}\"},\"query-input\":\"required name=search_term_string\"}],\"inLanguage\":\"en-US\"},{\"@type\":\"WebPage\",\"@id\":\"https:\/\/echecaucrime.com\/en\/the-organization\/#webpage\",\"url\":\"https:\/\/echecaucrime.com\/en\/the-organization\/\",\"name\":\"The Organization | echecaucrime\",\"isPartOf\":{\"@id\":\"https:\/\/echecaucrime.com\/#website\"},\"datePublished\":\"2019-04-16T17:45:07+00:00\",\"dateModified\":\"2019-04-16T17:45:49+00:00\",\"breadcrumb\":{\"@id\":\"https:\/\/echecaucrime.com\/en\/the-organization\/#breadcrumb\"},\"inLanguage\":\"en-US\",\"potentialAction\":[{\"@type\":\"ReadAction\",\"target\":[\"https:\/\/echecaucrime.com\/en\/the-organization\/\"]}]},{\"@type\":\"BreadcrumbList\",\"@id\":\"https:\/\/echecaucrime.com\/en\/the-organization\/#breadcrumb\",\"itemListElement\":[{\"@type\":\"ListItem\",\"position\":1,\"name\":\"\",\"item\":\"https:\/\/echecaucrime.com\/\"},{\"@type\":\"ListItem\",\"position\":2,\"name\":\"The Organization\"}]}]}<\/script>\n<!-- \/ Yoast SEO plugin. -->","yoast_head_json":{"title":"The Organization | echecaucrime","robots":{"index":"index","follow":"follow","max-snippet":"max-snippet:-1","max-image-preview":"max-image-preview:large","max-video-preview":"max-video-preview:-1"},"canonical":"https:\/\/echecaucrime.com\/en\/the-organization\/","og_locale":"en_US","og_type":"article","og_title":"The Organization | echecaucrime","og_description":"Introduction Crime Stoppers is a non-profit organization founded on May 8, 1996. After becoming active in 1997, it operated under the name Info-Crime Qu\u00e9bec until a name change in October 2012. It administers a program that gives Quebec residents a [&hellip;]","og_url":"https:\/\/echecaucrime.com\/en\/the-organization\/","og_site_name":"echecaucrime","article_modified_time":"2019-04-16T17:45:49+00:00","author":"Design","twitter_card":"summary_large_image","twitter_misc":{"Est. reading time":"1 minute"},"schema":{"@context":"https:\/\/schema.org","@graph":[{"@type":"WebSite","@id":"https:\/\/echecaucrime.com\/#website","url":"https:\/\/echecaucrime.com\/","name":"echecaucrime","description":"Au service de la communaut\u00e9 qu\u00e9b\u00e9coise depuis 1997.","potentialAction":[{"@type":"SearchAction","target":{"@type":"EntryPoint","urlTemplate":"https:\/\/echecaucrime.com\/?s={search_term_string}"},"query-input":"required name=search_term_string"}],"inLanguage":"en-US"},{"@type":"WebPage","@id":"https:\/\/echecaucrime.com\/en\/the-organization\/#webpage","url":"https:\/\/echecaucrime.com\/en\/the-organization\/","name":"The Organization | echecaucrime","isPartOf":{"@id":"https:\/\/echecaucrime.com\/#website"},"datePublished":"2019-04-16T17:45:07+00:00","dateModified":"2019-04-16T17:45:49+00:00","breadcrumb":{"@id":"https:\/\/echecaucrime.com\/en\/the-organization\/#breadcrumb"},"inLanguage":"en-US","potentialAction":[{"@type":"ReadAction","target":["https:\/\/echecaucrime.com\/en\/the-organization\/"]}]},{"@type":"BreadcrumbList","@id":"https:\/\/echecaucrime.com\/en\/the-organization\/#breadcrumb","itemListElement":[{"@type":"ListItem","position":1,"name":"","item":"https:\/\/echecaucrime.com\/"},{"@type":"ListItem","position":2,"name":"The Organization"}]}]}},"_links":{"self":[{"href":"https:\/\/echecaucrime.com\/en\/wp-json\/wp\/v2\/pages\/79"}],"collection":[{"href":"https:\/\/echecaucrime.com\/en\/wp-json\/wp\/v2\/pages"}],"about":[{"href":"https:\/\/echecaucrime.com\/en\/wp-json\/wp\/v2\/types\/page"}],"author":[{"embeddable":true,"href":"https:\/\/echecaucrime.com\/en\/wp-json\/wp\/v2\/users\/1"}],"replies":[{"embeddable":true,"href":"https:\/\/echecaucrime.com\/en\/wp-json\/wp\/v2\/comments?post=79"}],"version-history":[{"count":2,"href":"https:\/\/echecaucrime.com\/en\/wp-json\/wp\/v2\/pages\/79\/revisions"}],"predecessor-version":[{"id":81,"href":"https:\/\/echecaucrime.com\/en\/wp-json\/wp\/v2\/pages\/79\/revisions\/81"}],"wp:attachment":[{"href":"https:\/\/echecaucrime.com\/en\/wp-json\/wp\/v2\/media?parent=79"}],"curies":[{"name":"wp","href":"https:\/\/api.w.org\/{rel}","templated":true}]}}