{"id":748,"date":"2022-05-06T12:35:36","date_gmt":"2022-05-06T12:35:36","guid":{"rendered":"https:\/\/echecaucrime.com\/job-openings\/"},"modified":"2022-05-06T12:46:46","modified_gmt":"2022-05-06T12:46:46","slug":"job-openings","status":"publish","type":"page","link":"https:\/\/echecaucrime.com\/en\/job-openings\/","title":{"rendered":"Jobs"},"content":{"rendered":"\t<div class=\"jobs-none-container\">\n\t\t<p>We currently have no job openings<\/p>\n\t<\/div>\n\t\n","protected":false},"excerpt":{"rendered":"","protected":false},"author":4,"featured_media":0,"parent":0,"menu_order":0,"comment_status":"closed","ping_status":"closed","template":"","meta":{"footnotes":""},"acf":[],"yoast_head":"<!-- This site is optimized with the Yoast SEO plugin v19.2 - https:\/\/yoast.com\/wordpress\/plugins\/seo\/ -->\n<title>Jobs | echecaucrime<\/title>\n<meta name=\"robots\" content=\"index, follow, max-snippet:-1, max-image-preview:large, max-video-preview:-1\" \/>\n<link rel=\"canonical\" href=\"https:\/\/echecaucrime.com\/en\/job-openings\/\" \/>\n<meta property=\"og:locale\" content=\"en_US\" \/>\n<meta property=\"og:type\" content=\"article\" \/>\n<meta property=\"og:title\" content=\"Jobs | echecaucrime\" \/>\n<meta property=\"og:url\" content=\"https:\/\/echecaucrime.com\/en\/job-openings\/\" \/>\n<meta property=\"og:site_name\" content=\"echecaucrime\" \/>\n<meta property=\"article:modified_time\" content=\"2022-05-06T12:46:46+00:00\" \/>\n<meta name=\"author\" content=\"administration \u00c9chec au crime\" \/>\n<meta name=\"twitter:card\" content=\"summary_large_image\" \/>\n<script type=\"application\/ld+json\" class=\"yoast-schema-graph\">{\"@context\":\"https:\/\/schema.org\",\"@graph\":[{\"@type\":\"WebSite\",\"@id\":\"https:\/\/echecaucrime.com\/#website\",\"url\":\"https:\/\/echecaucrime.com\/\",\"name\":\"echecaucrime\",\"description\":\"Au service de la communaut\u00e9 qu\u00e9b\u00e9coise depuis 1997.\",\"potentialAction\":[{\"@type\":\"SearchAction\",\"target\":{\"@type\":\"EntryPoint\",\"urlTemplate\":\"https:\/\/echecaucrime.com\/?s={search_term_string}\"},\"query-input\":\"required name=search_term_string\"}],\"inLanguage\":\"en-US\"},{\"@type\":\"WebPage\",\"@id\":\"https:\/\/echecaucrime.com\/en\/job-openings\/#webpage\",\"url\":\"https:\/\/echecaucrime.com\/en\/job-openings\/\",\"name\":\"Jobs | echecaucrime\",\"isPartOf\":{\"@id\":\"https:\/\/echecaucrime.com\/#website\"},\"datePublished\":\"2022-05-06T12:35:36+00:00\",\"dateModified\":\"2022-05-06T12:46:46+00:00\",\"breadcrumb\":{\"@id\":\"https:\/\/echecaucrime.com\/en\/job-openings\/#breadcrumb\"},\"inLanguage\":\"en-US\",\"potentialAction\":[{\"@type\":\"ReadAction\",\"target\":[\"https:\/\/echecaucrime.com\/en\/job-openings\/\"]}]},{\"@type\":\"BreadcrumbList\",\"@id\":\"https:\/\/echecaucrime.com\/en\/job-openings\/#breadcrumb\",\"itemListElement\":[{\"@type\":\"ListItem\",\"position\":1,\"name\":\"\",\"item\":\"https:\/\/echecaucrime.com\/\"},{\"@type\":\"ListItem\",\"position\":2,\"name\":\"Jobs\"}]}]}<\/script>\n<!-- \/ Yoast SEO plugin. -->","yoast_head_json":{"title":"Jobs | echecaucrime","robots":{"index":"index","follow":"follow","max-snippet":"max-snippet:-1","max-image-preview":"max-image-preview:large","max-video-preview":"max-video-preview:-1"},"canonical":"https:\/\/echecaucrime.com\/en\/job-openings\/","og_locale":"en_US","og_type":"article","og_title":"Jobs | echecaucrime","og_url":"https:\/\/echecaucrime.com\/en\/job-openings\/","og_site_name":"echecaucrime","article_modified_time":"2022-05-06T12:46:46+00:00","author":"administration \u00c9chec au crime","twitter_card":"summary_large_image","schema":{"@context":"https:\/\/schema.org","@graph":[{"@type":"WebSite","@id":"https:\/\/echecaucrime.com\/#website","url":"https:\/\/echecaucrime.com\/","name":"echecaucrime","description":"Au service de la communaut\u00e9 qu\u00e9b\u00e9coise depuis 1997.","potentialAction":[{"@type":"SearchAction","target":{"@type":"EntryPoint","urlTemplate":"https:\/\/echecaucrime.com\/?s={search_term_string}"},"query-input":"required name=search_term_string"}],"inLanguage":"en-US"},{"@type":"WebPage","@id":"https:\/\/echecaucrime.com\/en\/job-openings\/#webpage","url":"https:\/\/echecaucrime.com\/en\/job-openings\/","name":"Jobs | echecaucrime","isPartOf":{"@id":"https:\/\/echecaucrime.com\/#website"},"datePublished":"2022-05-06T12:35:36+00:00","dateModified":"2022-05-06T12:46:46+00:00","breadcrumb":{"@id":"https:\/\/echecaucrime.com\/en\/job-openings\/#breadcrumb"},"inLanguage":"en-US","potentialAction":[{"@type":"ReadAction","target":["https:\/\/echecaucrime.com\/en\/job-openings\/"]}]},{"@type":"BreadcrumbList","@id":"https:\/\/echecaucrime.com\/en\/job-openings\/#breadcrumb","itemListElement":[{"@type":"ListItem","position":1,"name":"","item":"https:\/\/echecaucrime.com\/"},{"@type":"ListItem","position":2,"name":"Jobs"}]}]}},"_links":{"self":[{"href":"https:\/\/echecaucrime.com\/en\/wp-json\/wp\/v2\/pages\/748"}],"collection":[{"href":"https:\/\/echecaucrime.com\/en\/wp-json\/wp\/v2\/pages"}],"about":[{"href":"https:\/\/echecaucrime.com\/en\/wp-json\/wp\/v2\/types\/page"}],"author":[{"embeddable":true,"href":"https:\/\/echecaucrime.com\/en\/wp-json\/wp\/v2\/users\/4"}],"replies":[{"embeddable":true,"href":"https:\/\/echecaucrime.com\/en\/wp-json\/wp\/v2\/comments?post=748"}],"version-history":[{"count":1,"href":"https:\/\/echecaucrime.com\/en\/wp-json\/wp\/v2\/pages\/748\/revisions"}],"predecessor-version":[{"id":756,"href":"https:\/\/echecaucrime.com\/en\/wp-json\/wp\/v2\/pages\/748\/revisions\/756"}],"wp:attachment":[{"href":"https:\/\/echecaucrime.com\/en\/wp-json\/wp\/v2\/media?parent=748"}],"curies":[{"name":"wp","href":"https:\/\/api.w.org\/{rel}","templated":true}]}}