{"id":40,"date":"2019-04-15T18:06:42","date_gmt":"2019-04-15T18:06:42","guid":{"rendered":"http:\/\/142.44.138.36\/~echegb\/?page_id=40"},"modified":"2021-05-13T20:10:18","modified_gmt":"2021-05-13T20:10:18","slug":"statistics","status":"publish","type":"page","link":"https:\/\/echecaucrime.com\/en\/statistics\/","title":{"rendered":"Statistics"},"content":{"rendered":"<h2>Statistics<\/h2>\n<p>Cumulative since 2000 until 31 December 2020.<\/p>\n<table>\n<tbody>\n<tr>\n<td>Arrests:<\/td>\n<td>3 179<\/td>\n<\/tr>\n<tr>\n<td>Cases:<\/td>\n<td>29 252<\/td>\n<\/tr>\n<tr>\n<td>Rewards (2014 &#8211; 2020):<\/td>\n<td>23 200 $<\/td>\n<\/tr>\n<tr>\n<td>Number of counts :<\/td>\n<td>6 687<\/td>\n<\/tr>\n<tr>\n<td>Money seized:<\/td>\n<td>1 688 637, 69 $<\/td>\n<\/tr>\n<tr>\n<td>Firearms seized :<\/td>\n<td>315<\/td>\n<\/tr>\n<tr>\n<td>Property:<\/td>\n<td>11 294 638 $<\/td>\n<\/tr>\n<tr>\n<td>Search warrants :<\/td>\n<td>1 819<\/td>\n<\/tr>\n<tr>\n<td>Arrest warrants :<\/td>\n<td>474<\/td>\n<\/tr>\n<tr>\n<td>Drugs and contraband cigarettes:<\/td>\n<td>404 376 286 $<\/td>\n<\/tr>\n<\/tbody>\n<\/table>\n","protected":false},"excerpt":{"rendered":"<p>Statistics Cumulative since 2000 until 31 December 2020. Arrests: 3 179 Cases: 29 252 Rewards (2014 &#8211; 2020): 23 200 $ Number of counts : 6 687 Money seized: 1 688 637, 69 $ Firearms seized : 315 Property: 11 [&hellip;]<\/p>\n","protected":false},"author":1,"featured_media":0,"parent":0,"menu_order":0,"comment_status":"closed","ping_status":"closed","template":"","meta":{"footnotes":""},"acf":[],"yoast_head":"<!-- This site is optimized with the Yoast SEO plugin v19.2 - https:\/\/yoast.com\/wordpress\/plugins\/seo\/ -->\n<title>Statistics | echecaucrime<\/title>\n<meta name=\"robots\" content=\"index, follow, max-snippet:-1, max-image-preview:large, max-video-preview:-1\" \/>\n<link rel=\"canonical\" href=\"https:\/\/echecaucrime.com\/en\/statistics\/\" \/>\n<meta property=\"og:locale\" content=\"en_US\" \/>\n<meta property=\"og:type\" content=\"article\" \/>\n<meta property=\"og:title\" content=\"Statistics | echecaucrime\" \/>\n<meta property=\"og:description\" content=\"Statistics Cumulative since 2000 until 31 December 2020. Arrests: 3 179 Cases: 29 252 Rewards (2014 &#8211; 2020): 23 200 $ Number of counts : 6 687 Money seized: 1 688 637, 69 $ Firearms seized : 315 Property: 11 [&hellip;]\" \/>\n<meta property=\"og:url\" content=\"https:\/\/echecaucrime.com\/en\/statistics\/\" \/>\n<meta property=\"og:site_name\" content=\"echecaucrime\" \/>\n<meta property=\"article:modified_time\" content=\"2021-05-13T20:10:18+00:00\" \/>\n<meta name=\"author\" content=\"Design\" \/>\n<meta name=\"twitter:card\" content=\"summary_large_image\" \/>\n<script type=\"application\/ld+json\" class=\"yoast-schema-graph\">{\"@context\":\"https:\/\/schema.org\",\"@graph\":[{\"@type\":\"WebSite\",\"@id\":\"https:\/\/echecaucrime.com\/#website\",\"url\":\"https:\/\/echecaucrime.com\/\",\"name\":\"echecaucrime\",\"description\":\"Au service de la communaut\u00e9 qu\u00e9b\u00e9coise depuis 1997.\",\"potentialAction\":[{\"@type\":\"SearchAction\",\"target\":{\"@type\":\"EntryPoint\",\"urlTemplate\":\"https:\/\/echecaucrime.com\/?s={search_term_string}\"},\"query-input\":\"required name=search_term_string\"}],\"inLanguage\":\"en-US\"},{\"@type\":\"WebPage\",\"@id\":\"https:\/\/echecaucrime.com\/en\/statistics\/#webpage\",\"url\":\"https:\/\/echecaucrime.com\/en\/statistics\/\",\"name\":\"Statistics | echecaucrime\",\"isPartOf\":{\"@id\":\"https:\/\/echecaucrime.com\/#website\"},\"datePublished\":\"2019-04-15T18:06:42+00:00\",\"dateModified\":\"2021-05-13T20:10:18+00:00\",\"breadcrumb\":{\"@id\":\"https:\/\/echecaucrime.com\/en\/statistics\/#breadcrumb\"},\"inLanguage\":\"en-US\",\"potentialAction\":[{\"@type\":\"ReadAction\",\"target\":[\"https:\/\/echecaucrime.com\/en\/statistics\/\"]}]},{\"@type\":\"BreadcrumbList\",\"@id\":\"https:\/\/echecaucrime.com\/en\/statistics\/#breadcrumb\",\"itemListElement\":[{\"@type\":\"ListItem\",\"position\":1,\"name\":\"\",\"item\":\"https:\/\/echecaucrime.com\/\"},{\"@type\":\"ListItem\",\"position\":2,\"name\":\"Statistics\"}]}]}<\/script>\n<!-- \/ Yoast SEO plugin. -->","yoast_head_json":{"title":"Statistics | echecaucrime","robots":{"index":"index","follow":"follow","max-snippet":"max-snippet:-1","max-image-preview":"max-image-preview:large","max-video-preview":"max-video-preview:-1"},"canonical":"https:\/\/echecaucrime.com\/en\/statistics\/","og_locale":"en_US","og_type":"article","og_title":"Statistics | echecaucrime","og_description":"Statistics Cumulative since 2000 until 31 December 2020. Arrests: 3 179 Cases: 29 252 Rewards (2014 &#8211; 2020): 23 200 $ Number of counts : 6 687 Money seized: 1 688 637, 69 $ Firearms seized : 315 Property: 11 [&hellip;]","og_url":"https:\/\/echecaucrime.com\/en\/statistics\/","og_site_name":"echecaucrime","article_modified_time":"2021-05-13T20:10:18+00:00","author":"Design","twitter_card":"summary_large_image","schema":{"@context":"https:\/\/schema.org","@graph":[{"@type":"WebSite","@id":"https:\/\/echecaucrime.com\/#website","url":"https:\/\/echecaucrime.com\/","name":"echecaucrime","description":"Au service de la communaut\u00e9 qu\u00e9b\u00e9coise depuis 1997.","potentialAction":[{"@type":"SearchAction","target":{"@type":"EntryPoint","urlTemplate":"https:\/\/echecaucrime.com\/?s={search_term_string}"},"query-input":"required name=search_term_string"}],"inLanguage":"en-US"},{"@type":"WebPage","@id":"https:\/\/echecaucrime.com\/en\/statistics\/#webpage","url":"https:\/\/echecaucrime.com\/en\/statistics\/","name":"Statistics | echecaucrime","isPartOf":{"@id":"https:\/\/echecaucrime.com\/#website"},"datePublished":"2019-04-15T18:06:42+00:00","dateModified":"2021-05-13T20:10:18+00:00","breadcrumb":{"@id":"https:\/\/echecaucrime.com\/en\/statistics\/#breadcrumb"},"inLanguage":"en-US","potentialAction":[{"@type":"ReadAction","target":["https:\/\/echecaucrime.com\/en\/statistics\/"]}]},{"@type":"BreadcrumbList","@id":"https:\/\/echecaucrime.com\/en\/statistics\/#breadcrumb","itemListElement":[{"@type":"ListItem","position":1,"name":"","item":"https:\/\/echecaucrime.com\/"},{"@type":"ListItem","position":2,"name":"Statistics"}]}]}},"_links":{"self":[{"href":"https:\/\/echecaucrime.com\/en\/wp-json\/wp\/v2\/pages\/40"}],"collection":[{"href":"https:\/\/echecaucrime.com\/en\/wp-json\/wp\/v2\/pages"}],"about":[{"href":"https:\/\/echecaucrime.com\/en\/wp-json\/wp\/v2\/types\/page"}],"author":[{"embeddable":true,"href":"https:\/\/echecaucrime.com\/en\/wp-json\/wp\/v2\/users\/1"}],"replies":[{"embeddable":true,"href":"https:\/\/echecaucrime.com\/en\/wp-json\/wp\/v2\/comments?post=40"}],"version-history":[{"count":2,"href":"https:\/\/echecaucrime.com\/en\/wp-json\/wp\/v2\/pages\/40\/revisions"}],"predecessor-version":[{"id":191,"href":"https:\/\/echecaucrime.com\/en\/wp-json\/wp\/v2\/pages\/40\/revisions\/191"}],"wp:attachment":[{"href":"https:\/\/echecaucrime.com\/en\/wp-json\/wp\/v2\/media?parent=40"}],"curies":[{"name":"wp","href":"https:\/\/api.w.org\/{rel}","templated":true}]}}