{"id":159,"date":"2019-04-17T19:52:47","date_gmt":"2019-04-17T19:52:47","guid":{"rendered":"http:\/\/142.44.138.36\/~echegb\/?page_id=159"},"modified":"2019-04-17T19:52:47","modified_gmt":"2019-04-17T19:52:47","slug":"useful-links","status":"publish","type":"page","link":"https:\/\/echecaucrime.com\/en\/the-organization\/useful-links\/","title":{"rendered":"Useful Links"},"content":{"rendered":"<p><strong>Crime Stoppers<\/strong> has selected some of the best websites available for you. These are reliable, serious sites.<\/p>\n<ul>\n<li><a href=\"http:\/\/www.canadiancrimestoppers.org\/\" target=\"_blank\" rel=\"noopener noreferrer\">Association canadienne d&#8217;\u00c9chec au crime (CCSA)<\/a><\/li>\n<li><a href=\"http:\/\/adpq.qc.ca\/\" target=\"_blank\" rel=\"noopener noreferrer\">Association des directeurs de Police du Qu\u00e9bec<\/a><\/li>\n<li><a href=\"http:\/\/www.caisse-police.com\/\" target=\"_blank\" rel=\"noopener noreferrer\">Caisse Desjardins des policiers et polici\u00e8res<\/a><\/li>\n<li><a href=\"http:\/\/csiworld.org\/\" target=\"_blank\" rel=\"noopener noreferrer\">Crime Stoppers International<\/a><\/li>\n<li><a href=\"http:\/\/cegepsherbrooke.qc.ca\/officiel\/index.php\/projets-stimulants\/unite-sans-violence\" target=\"_blank\" rel=\"noopener noreferrer\">C\u00e9gep de Sherbrooke &#8211; Unit\u00e9 sans violence<\/a><\/li>\n<li><a href=\"http:\/\/www.rcmp-grc.gc.ca\/index-fra.htm\" target=\"_blank\" rel=\"noopener noreferrer\">Gendarmerie Royale du Canada<\/a><\/li>\n<li><a href=\"http:\/\/www.csimdata.com\/\" target=\"_blank\" rel=\"noopener noreferrer\">Infos sur les programmes Crimes Stoppers<\/a><\/li>\n<li><a href=\"http:\/\/www.securitepublique.gouv.qc.ca\/\" target=\"_blank\" rel=\"noopener noreferrer\">Minist\u00e8re de la s\u00e9curit\u00e9 publique du Qu\u00e9bec<\/a><\/li>\n<li><a href=\"http:\/\/www.10criminelsrecherches.qc.ca\/\" target=\"_blank\" rel=\"noopener noreferrer\">Les 10 Criminels les plus recherch\u00e9s du Qu\u00e9bec<\/a><\/li>\n<\/ul>\n","protected":false},"excerpt":{"rendered":"<p>Crime Stoppers has selected some of the best websites available for you. These are reliable, serious sites. Association canadienne d&#8217;\u00c9chec au crime (CCSA) Association des directeurs de Police du Qu\u00e9bec Caisse Desjardins des policiers et polici\u00e8res Crime Stoppers International C\u00e9gep [&hellip;]<\/p>\n","protected":false},"author":1,"featured_media":0,"parent":79,"menu_order":0,"comment_status":"closed","ping_status":"closed","template":"page-organisme.php","meta":{"footnotes":""},"acf":[],"yoast_head":"<!-- This site is optimized with the Yoast SEO plugin v19.2 - https:\/\/yoast.com\/wordpress\/plugins\/seo\/ -->\n<title>Useful Links | echecaucrime<\/title>\n<meta name=\"robots\" content=\"index, follow, max-snippet:-1, max-image-preview:large, max-video-preview:-1\" \/>\n<link rel=\"canonical\" href=\"https:\/\/echecaucrime.com\/en\/the-organization\/useful-links\/\" \/>\n<meta property=\"og:locale\" content=\"en_US\" \/>\n<meta property=\"og:type\" content=\"article\" \/>\n<meta property=\"og:title\" content=\"Useful Links | echecaucrime\" \/>\n<meta property=\"og:description\" content=\"Crime Stoppers has selected some of the best websites available for you. These are reliable, serious sites. Association canadienne d&#8217;\u00c9chec au crime (CCSA) Association des directeurs de Police du Qu\u00e9bec Caisse Desjardins des policiers et polici\u00e8res Crime Stoppers International C\u00e9gep [&hellip;]\" \/>\n<meta property=\"og:url\" content=\"https:\/\/echecaucrime.com\/en\/the-organization\/useful-links\/\" \/>\n<meta property=\"og:site_name\" content=\"echecaucrime\" \/>\n<meta name=\"author\" content=\"Design\" \/>\n<meta name=\"twitter:card\" content=\"summary_large_image\" \/>\n<script type=\"application\/ld+json\" class=\"yoast-schema-graph\">{\"@context\":\"https:\/\/schema.org\",\"@graph\":[{\"@type\":\"WebSite\",\"@id\":\"https:\/\/echecaucrime.com\/#website\",\"url\":\"https:\/\/echecaucrime.com\/\",\"name\":\"echecaucrime\",\"description\":\"Au service de la communaut\u00e9 qu\u00e9b\u00e9coise depuis 1997.\",\"potentialAction\":[{\"@type\":\"SearchAction\",\"target\":{\"@type\":\"EntryPoint\",\"urlTemplate\":\"https:\/\/echecaucrime.com\/?s={search_term_string}\"},\"query-input\":\"required name=search_term_string\"}],\"inLanguage\":\"en-US\"},{\"@type\":\"WebPage\",\"@id\":\"https:\/\/echecaucrime.com\/en\/the-organization\/useful-links\/#webpage\",\"url\":\"https:\/\/echecaucrime.com\/en\/the-organization\/useful-links\/\",\"name\":\"Useful Links | echecaucrime\",\"isPartOf\":{\"@id\":\"https:\/\/echecaucrime.com\/#website\"},\"datePublished\":\"2019-04-17T19:52:47+00:00\",\"dateModified\":\"2019-04-17T19:52:47+00:00\",\"breadcrumb\":{\"@id\":\"https:\/\/echecaucrime.com\/en\/the-organization\/useful-links\/#breadcrumb\"},\"inLanguage\":\"en-US\",\"potentialAction\":[{\"@type\":\"ReadAction\",\"target\":[\"https:\/\/echecaucrime.com\/en\/the-organization\/useful-links\/\"]}]},{\"@type\":\"BreadcrumbList\",\"@id\":\"https:\/\/echecaucrime.com\/en\/the-organization\/useful-links\/#breadcrumb\",\"itemListElement\":[{\"@type\":\"ListItem\",\"position\":1,\"name\":\"\",\"item\":\"https:\/\/echecaucrime.com\/\"},{\"@type\":\"ListItem\",\"position\":2,\"name\":\"The Organization\",\"item\":\"https:\/\/echecaucrime.com\/en\/the-organization\/\"},{\"@type\":\"ListItem\",\"position\":3,\"name\":\"Useful Links\"}]}]}<\/script>\n<!-- \/ Yoast SEO plugin. -->","yoast_head_json":{"title":"Useful Links | echecaucrime","robots":{"index":"index","follow":"follow","max-snippet":"max-snippet:-1","max-image-preview":"max-image-preview:large","max-video-preview":"max-video-preview:-1"},"canonical":"https:\/\/echecaucrime.com\/en\/the-organization\/useful-links\/","og_locale":"en_US","og_type":"article","og_title":"Useful Links | echecaucrime","og_description":"Crime Stoppers has selected some of the best websites available for you. These are reliable, serious sites. Association canadienne d&#8217;\u00c9chec au crime (CCSA) Association des directeurs de Police du Qu\u00e9bec Caisse Desjardins des policiers et polici\u00e8res Crime Stoppers International C\u00e9gep [&hellip;]","og_url":"https:\/\/echecaucrime.com\/en\/the-organization\/useful-links\/","og_site_name":"echecaucrime","author":"Design","twitter_card":"summary_large_image","schema":{"@context":"https:\/\/schema.org","@graph":[{"@type":"WebSite","@id":"https:\/\/echecaucrime.com\/#website","url":"https:\/\/echecaucrime.com\/","name":"echecaucrime","description":"Au service de la communaut\u00e9 qu\u00e9b\u00e9coise depuis 1997.","potentialAction":[{"@type":"SearchAction","target":{"@type":"EntryPoint","urlTemplate":"https:\/\/echecaucrime.com\/?s={search_term_string}"},"query-input":"required name=search_term_string"}],"inLanguage":"en-US"},{"@type":"WebPage","@id":"https:\/\/echecaucrime.com\/en\/the-organization\/useful-links\/#webpage","url":"https:\/\/echecaucrime.com\/en\/the-organization\/useful-links\/","name":"Useful Links | echecaucrime","isPartOf":{"@id":"https:\/\/echecaucrime.com\/#website"},"datePublished":"2019-04-17T19:52:47+00:00","dateModified":"2019-04-17T19:52:47+00:00","breadcrumb":{"@id":"https:\/\/echecaucrime.com\/en\/the-organization\/useful-links\/#breadcrumb"},"inLanguage":"en-US","potentialAction":[{"@type":"ReadAction","target":["https:\/\/echecaucrime.com\/en\/the-organization\/useful-links\/"]}]},{"@type":"BreadcrumbList","@id":"https:\/\/echecaucrime.com\/en\/the-organization\/useful-links\/#breadcrumb","itemListElement":[{"@type":"ListItem","position":1,"name":"","item":"https:\/\/echecaucrime.com\/"},{"@type":"ListItem","position":2,"name":"The Organization","item":"https:\/\/echecaucrime.com\/en\/the-organization\/"},{"@type":"ListItem","position":3,"name":"Useful Links"}]}]}},"_links":{"self":[{"href":"https:\/\/echecaucrime.com\/en\/wp-json\/wp\/v2\/pages\/159"}],"collection":[{"href":"https:\/\/echecaucrime.com\/en\/wp-json\/wp\/v2\/pages"}],"about":[{"href":"https:\/\/echecaucrime.com\/en\/wp-json\/wp\/v2\/types\/page"}],"author":[{"embeddable":true,"href":"https:\/\/echecaucrime.com\/en\/wp-json\/wp\/v2\/users\/1"}],"replies":[{"embeddable":true,"href":"https:\/\/echecaucrime.com\/en\/wp-json\/wp\/v2\/comments?post=159"}],"version-history":[{"count":1,"href":"https:\/\/echecaucrime.com\/en\/wp-json\/wp\/v2\/pages\/159\/revisions"}],"predecessor-version":[{"id":160,"href":"https:\/\/echecaucrime.com\/en\/wp-json\/wp\/v2\/pages\/159\/revisions\/160"}],"up":[{"embeddable":true,"href":"https:\/\/echecaucrime.com\/en\/wp-json\/wp\/v2\/pages\/79"}],"wp:attachment":[{"href":"https:\/\/echecaucrime.com\/en\/wp-json\/wp\/v2\/media?parent=159"}],"curies":[{"name":"wp","href":"https:\/\/api.w.org\/{rel}","templated":true}]}}