{"id":106,"date":"2019-04-16T20:11:21","date_gmt":"2019-04-16T20:11:21","guid":{"rendered":"http:\/\/142.44.138.36\/~echegb\/?page_id=106"},"modified":"2019-04-16T21:06:35","modified_gmt":"2019-04-16T21:06:35","slug":"sitemap","status":"publish","type":"page","link":"https:\/\/echecaucrime.com\/en\/sitemap\/","title":{"rendered":"Sitemap"},"content":{"rendered":"<div class=\"wsp-container\"><h2 class=\"wsp-pages-title\">Pages<\/h2>\n<ul class=\"wsp-pages-list\">\n<li class=\"page_item page-item-48\"><a href=\"https:\/\/echecaucrime.com\/en\/contact-us\/\">Contact Us<\/a><\/li>\n<li class=\"page_item page-item-1047\"><a href=\"https:\/\/echecaucrime.com\/en\/cookies-policy\/\">Cookies policy<\/a><\/li>\n<li class=\"page_item page-item-748\"><a href=\"https:\/\/echecaucrime.com\/en\/job-openings\/\">Jobs<\/a><\/li>\n<li class=\"page_item page-item-1061\"><a href=\"https:\/\/echecaucrime.com\/en\/privacy-policy\/\">Privacy policy<\/a><\/li>\n<li class=\"page_item page-item-133\"><a href=\"https:\/\/echecaucrime.com\/en\/providing-information-online\/\">Providing information online<\/a><\/li>\n<li class=\"page_item page-item-106\"><a href=\"https:\/\/echecaucrime.com\/en\/sitemap\/\">Sitemap<\/a><\/li>\n<li class=\"page_item page-item-40\"><a href=\"https:\/\/echecaucrime.com\/en\/statistics\/\">Statistics<\/a><\/li>\n<li class=\"page_item page-item-263\"><a href=\"https:\/\/echecaucrime.com\/en\/thank-you\/\">Thank you<\/a><\/li>\n<li class=\"page_item page-item-79 page_item_has_children\"><a href=\"https:\/\/echecaucrime.com\/en\/the-organization\/\">The Organization<\/a>\n<ul class='children'>\n\t<li class=\"page_item page-item-82\"><a href=\"https:\/\/echecaucrime.com\/en\/the-organization\/a-word-from-the-president\/\">A word from the President<\/a><\/li>\n\t<li class=\"page_item page-item-104\"><a href=\"https:\/\/echecaucrime.com\/en\/the-organization\/faq\/\">FAQ<\/a><\/li>\n\t<li class=\"page_item page-item-87\"><a href=\"https:\/\/echecaucrime.com\/en\/the-organization\/how-does-it-work\/\">How does it work?<\/a><\/li>\n\t<li class=\"page_item page-item-85\"><a href=\"https:\/\/echecaucrime.com\/en\/the-organization\/mission-history\/\">Mission &#038; History<\/a><\/li>\n\t<li class=\"page_item page-item-99\"><a href=\"https:\/\/echecaucrime.com\/en\/the-organization\/our-partners\/\">Our Partners<\/a><\/li>\n\t<li class=\"page_item page-item-91\"><a href=\"https:\/\/echecaucrime.com\/en\/the-organization\/structure-funding\/\">Structure &#038; Funding<\/a><\/li>\n\t<li class=\"page_item page-item-159\"><a href=\"https:\/\/echecaucrime.com\/en\/the-organization\/useful-links\/\">Useful Links<\/a><\/li>\n<\/ul>\n<\/li>\n<\/ul>\n<h2 class=\"wsp-posts-title\">Posts by category<\/h2>\n<ul class=\"wsp-posts-list\">\n\t<li><strong class=\"wsp-category-title\">Category: <a href=\"https:\/\/echecaucrime.com\/en\/category\/news\/\">News &amp; Activities<\/a><\/strong>\n<ul class=\"wsp-posts-list\">\t\t<li class=\"wsp-post\"><a href=\"https:\/\/echecaucrime.com\/en\/crime-stoppers-against-crime-and-covid-19\/\">Crime Stoppers: Against Crime and COVID-19<\/a><\/li>\n<\/ul><\/li>\n<\/ul>\n<\/div>\n","protected":false},"excerpt":{"rendered":"","protected":false},"author":1,"featured_media":0,"parent":0,"menu_order":0,"comment_status":"closed","ping_status":"closed","template":"","meta":{"footnotes":""},"acf":[],"yoast_head":"<!-- This site is optimized with the Yoast SEO plugin v19.2 - https:\/\/yoast.com\/wordpress\/plugins\/seo\/ -->\n<title>Sitemap | echecaucrime<\/title>\n<meta name=\"robots\" content=\"index, follow, max-snippet:-1, max-image-preview:large, max-video-preview:-1\" \/>\n<link rel=\"canonical\" href=\"https:\/\/echecaucrime.com\/en\/sitemap\/\" \/>\n<meta property=\"og:locale\" content=\"en_US\" \/>\n<meta property=\"og:type\" content=\"article\" \/>\n<meta property=\"og:title\" content=\"Sitemap | echecaucrime\" \/>\n<meta property=\"og:url\" content=\"https:\/\/echecaucrime.com\/en\/sitemap\/\" \/>\n<meta property=\"og:site_name\" content=\"echecaucrime\" \/>\n<meta property=\"article:modified_time\" content=\"2019-04-16T21:06:35+00:00\" \/>\n<meta name=\"author\" content=\"Design\" \/>\n<meta name=\"twitter:card\" content=\"summary_large_image\" \/>\n<script type=\"application\/ld+json\" class=\"yoast-schema-graph\">{\"@context\":\"https:\/\/schema.org\",\"@graph\":[{\"@type\":\"WebSite\",\"@id\":\"https:\/\/echecaucrime.com\/#website\",\"url\":\"https:\/\/echecaucrime.com\/\",\"name\":\"echecaucrime\",\"description\":\"Au service de la communaut\u00e9 qu\u00e9b\u00e9coise depuis 1997.\",\"potentialAction\":[{\"@type\":\"SearchAction\",\"target\":{\"@type\":\"EntryPoint\",\"urlTemplate\":\"https:\/\/echecaucrime.com\/?s={search_term_string}\"},\"query-input\":\"required name=search_term_string\"}],\"inLanguage\":\"en-US\"},{\"@type\":\"WebPage\",\"@id\":\"https:\/\/echecaucrime.com\/en\/sitemap\/#webpage\",\"url\":\"https:\/\/echecaucrime.com\/en\/sitemap\/\",\"name\":\"Sitemap | echecaucrime\",\"isPartOf\":{\"@id\":\"https:\/\/echecaucrime.com\/#website\"},\"datePublished\":\"2019-04-16T20:11:21+00:00\",\"dateModified\":\"2019-04-16T21:06:35+00:00\",\"breadcrumb\":{\"@id\":\"https:\/\/echecaucrime.com\/en\/sitemap\/#breadcrumb\"},\"inLanguage\":\"en-US\",\"potentialAction\":[{\"@type\":\"ReadAction\",\"target\":[\"https:\/\/echecaucrime.com\/en\/sitemap\/\"]}]},{\"@type\":\"BreadcrumbList\",\"@id\":\"https:\/\/echecaucrime.com\/en\/sitemap\/#breadcrumb\",\"itemListElement\":[{\"@type\":\"ListItem\",\"position\":1,\"name\":\"\",\"item\":\"https:\/\/echecaucrime.com\/\"},{\"@type\":\"ListItem\",\"position\":2,\"name\":\"Sitemap\"}]}]}<\/script>\n<!-- \/ Yoast SEO plugin. -->","yoast_head_json":{"title":"Sitemap | echecaucrime","robots":{"index":"index","follow":"follow","max-snippet":"max-snippet:-1","max-image-preview":"max-image-preview:large","max-video-preview":"max-video-preview:-1"},"canonical":"https:\/\/echecaucrime.com\/en\/sitemap\/","og_locale":"en_US","og_type":"article","og_title":"Sitemap | echecaucrime","og_url":"https:\/\/echecaucrime.com\/en\/sitemap\/","og_site_name":"echecaucrime","article_modified_time":"2019-04-16T21:06:35+00:00","author":"Design","twitter_card":"summary_large_image","schema":{"@context":"https:\/\/schema.org","@graph":[{"@type":"WebSite","@id":"https:\/\/echecaucrime.com\/#website","url":"https:\/\/echecaucrime.com\/","name":"echecaucrime","description":"Au service de la communaut\u00e9 qu\u00e9b\u00e9coise depuis 1997.","potentialAction":[{"@type":"SearchAction","target":{"@type":"EntryPoint","urlTemplate":"https:\/\/echecaucrime.com\/?s={search_term_string}"},"query-input":"required name=search_term_string"}],"inLanguage":"en-US"},{"@type":"WebPage","@id":"https:\/\/echecaucrime.com\/en\/sitemap\/#webpage","url":"https:\/\/echecaucrime.com\/en\/sitemap\/","name":"Sitemap | echecaucrime","isPartOf":{"@id":"https:\/\/echecaucrime.com\/#website"},"datePublished":"2019-04-16T20:11:21+00:00","dateModified":"2019-04-16T21:06:35+00:00","breadcrumb":{"@id":"https:\/\/echecaucrime.com\/en\/sitemap\/#breadcrumb"},"inLanguage":"en-US","potentialAction":[{"@type":"ReadAction","target":["https:\/\/echecaucrime.com\/en\/sitemap\/"]}]},{"@type":"BreadcrumbList","@id":"https:\/\/echecaucrime.com\/en\/sitemap\/#breadcrumb","itemListElement":[{"@type":"ListItem","position":1,"name":"","item":"https:\/\/echecaucrime.com\/"},{"@type":"ListItem","position":2,"name":"Sitemap"}]}]}},"_links":{"self":[{"href":"https:\/\/echecaucrime.com\/en\/wp-json\/wp\/v2\/pages\/106"}],"collection":[{"href":"https:\/\/echecaucrime.com\/en\/wp-json\/wp\/v2\/pages"}],"about":[{"href":"https:\/\/echecaucrime.com\/en\/wp-json\/wp\/v2\/types\/page"}],"author":[{"embeddable":true,"href":"https:\/\/echecaucrime.com\/en\/wp-json\/wp\/v2\/users\/1"}],"replies":[{"embeddable":true,"href":"https:\/\/echecaucrime.com\/en\/wp-json\/wp\/v2\/comments?post=106"}],"version-history":[{"count":3,"href":"https:\/\/echecaucrime.com\/en\/wp-json\/wp\/v2\/pages\/106\/revisions"}],"predecessor-version":[{"id":115,"href":"https:\/\/echecaucrime.com\/en\/wp-json\/wp\/v2\/pages\/106\/revisions\/115"}],"wp:attachment":[{"href":"https:\/\/echecaucrime.com\/en\/wp-json\/wp\/v2\/media?parent=106"}],"curies":[{"name":"wp","href":"https:\/\/api.w.org\/{rel}","templated":true}]}}