{"id":104,"date":"2019-04-16T20:07:01","date_gmt":"2019-04-16T20:07:01","guid":{"rendered":"http:\/\/142.44.138.36\/~echegb\/?page_id=104"},"modified":"2019-12-20T15:29:34","modified_gmt":"2019-12-20T15:29:34","slug":"faq","status":"publish","type":"page","link":"https:\/\/echecaucrime.com\/en\/the-organization\/faq\/","title":{"rendered":"FAQ"},"content":{"rendered":"<h2 style=\"font-size: 28px;\"><strong>Do you have any questions?<\/strong> You may find the answer here.<\/h2>\n<h3>Who should I contact to obtain information about the organization ?<\/h3>\n<p>For any information requests, please contact us by clicking \u201c<a href=\"https:\/\/echecaucrime.com\/en\/contact-us\/\">Contact us<\/a>\u201d in the menu tab, where you will find our contact information.<\/p>\n<h3>How can I make a donation to <strong>Crime Stoppers<\/strong> ?<\/h3>\n<p>First, contact us at <a href=\"mailto:administration@echecaucrime.com\">administration@echecaucrime.com<\/a>. Donations must be approved by the Board of Directors prior to being sent to <strong>Crime Stoppers<\/strong>.\u00a0 For this reason, a member of the program will contact you beforehand.<\/p>\n<h3>How can I become a <strong>Crime Stoppers<\/strong> member or partner?<\/h3>\n<p>Contact us by clicking \u201c<a href=\"https:\/\/echecaucrime.com\/en\/contact-us\/\">Contact us<\/a>\u201d in the menu tab, or by e-mailing <a href=\"mailto:administration@echecaucrime.com\">administration@echecaucrime.com<\/a>. Most importantly, prospective members must pass a background check performed by S\u00fbret\u00e9 du Qu\u00e9bec. Finally, the board of directors will approve the partnership proposal.<\/p>\n<h3>How can we start a new local committee?<\/h3>\n<p>There first must be citizen interest and support from the local police in your city or area. You must recruit a minimum number of members, including a president, vice-president, treasurer, secretary, as well as a few administrators. The provincial committee will assist you with the essential details to start up your local committee.<\/p>\n<h3>Who can become a committee member?<\/h3>\n<p>All citizens 18 years of age or older who believe in the cause and pass the background check. Note that <strong>Crime Stoppers<\/strong> is a citizen organization so police officers may not become a member of <strong>Crime Stoppers<\/strong>. However, a police officer may sit on a committee in an advisory role.<\/p>\n<h3>How can I claim a reward?<\/h3>\n<p>When you make your initial call, you will be assigned a caller number. It is very important to keep this number.\u00a0 If charges are brought upon the suspect, the caller must contact <strong>Crime Stoppers<\/strong> and reference the caller number that was initially assigned.\u00a0 The information will be forwarded to the Board of Directors for approval.<\/p>\n<h3>When can I obtain a reward?<\/h3>\n<p>When the information received has contributed to laying of charges against a suspect.<\/p>\n<h3>How to follow up after submitting information?<\/h3>\n<p>Contact <strong>Crime Stoppers<\/strong> using the same process as when you initially submitted information, either by telephone at 1-800-711-1800 or through the option to <a href=\"https:\/\/echecaucrime.com\/en\/providing-information-online\/\">provide information online<\/a>, referencing the caller number that was initially assigned.<\/p>\n<h3>Who receives the information?<\/h3>\n<p>The call centre representative, the <strong>Crime Stoppers<\/strong> Quebec analyst, and the police investigator in the jurisdiction where the crime was or may have been committed.<\/p>\n<h3>Can my telephone call be traced?<\/h3>\n<p>Absolutely not. Calls cannot be traced. Anonymity is the basis of the program and every necessary measure is taken to not disclose the source of the information.<\/p>\n<h3>Can my online submission be traced?<\/h3>\n<p>Absolutely not. Online tips cannot be traced. Anonymity is the basis of the program and every necessary measure is taken to not disclose the source of the information.<\/p>\n<h3>What must I do to provide information online?<\/h3>\n<p>On the <strong>Crime Stoppers<\/strong> website (www.echecaucrime.com), click on the \u201c<a href=\"https:\/\/echecaucrime.com\/en\/providing-information-online\/\">Providing information online<\/a>\u201d icon and follow the instructions.<\/p>\n<h3>What must I do to provide information by telephone?<\/h3>\n<p>Dial 1-800-711-1800; it\u2019s free and anonymous.<\/p>\n<h3>Who will answer my call?<\/h3>\n<p>Qualified representatives working at the S\u00fbret\u00e9 du Qu\u00e9bec\u2019s call centre, seven days a week, 24 hours a day.<\/p>\n","protected":false},"excerpt":{"rendered":"<p>Do you have any questions? You may find the answer here. Who should I contact to obtain information about the organization ? For any information requests, please contact us by clicking \u201cContact us\u201d in the menu tab, where you will [&hellip;]<\/p>\n","protected":false},"author":1,"featured_media":0,"parent":79,"menu_order":0,"comment_status":"closed","ping_status":"closed","template":"page-organisme.php","meta":{"footnotes":""},"acf":[],"yoast_head":"<!-- This site is optimized with the Yoast SEO plugin v19.2 - https:\/\/yoast.com\/wordpress\/plugins\/seo\/ -->\n<title>FAQ | echecaucrime<\/title>\n<meta name=\"robots\" content=\"index, follow, max-snippet:-1, max-image-preview:large, max-video-preview:-1\" \/>\n<link rel=\"canonical\" href=\"https:\/\/echecaucrime.com\/en\/the-organization\/faq\/\" \/>\n<meta property=\"og:locale\" content=\"en_US\" \/>\n<meta property=\"og:type\" content=\"article\" \/>\n<meta property=\"og:title\" content=\"FAQ | echecaucrime\" \/>\n<meta property=\"og:description\" content=\"Do you have any questions? You may find the answer here. Who should I contact to obtain information about the organization ? For any information requests, please contact us by clicking \u201cContact us\u201d in the menu tab, where you will [&hellip;]\" \/>\n<meta property=\"og:url\" content=\"https:\/\/echecaucrime.com\/en\/the-organization\/faq\/\" \/>\n<meta property=\"og:site_name\" content=\"echecaucrime\" \/>\n<meta property=\"article:modified_time\" content=\"2019-12-20T15:29:34+00:00\" \/>\n<meta name=\"author\" content=\"Design\" \/>\n<meta name=\"twitter:card\" content=\"summary_large_image\" \/>\n<meta name=\"twitter:label1\" content=\"Est. reading time\" \/>\n\t<meta name=\"twitter:data1\" content=\"3 minutes\" \/>\n<script type=\"application\/ld+json\" class=\"yoast-schema-graph\">{\"@context\":\"https:\/\/schema.org\",\"@graph\":[{\"@type\":\"WebSite\",\"@id\":\"https:\/\/echecaucrime.com\/#website\",\"url\":\"https:\/\/echecaucrime.com\/\",\"name\":\"echecaucrime\",\"description\":\"Au service de la communaut\u00e9 qu\u00e9b\u00e9coise depuis 1997.\",\"potentialAction\":[{\"@type\":\"SearchAction\",\"target\":{\"@type\":\"EntryPoint\",\"urlTemplate\":\"https:\/\/echecaucrime.com\/?s={search_term_string}\"},\"query-input\":\"required name=search_term_string\"}],\"inLanguage\":\"en-US\"},{\"@type\":\"WebPage\",\"@id\":\"https:\/\/echecaucrime.com\/en\/the-organization\/faq\/#webpage\",\"url\":\"https:\/\/echecaucrime.com\/en\/the-organization\/faq\/\",\"name\":\"FAQ | echecaucrime\",\"isPartOf\":{\"@id\":\"https:\/\/echecaucrime.com\/#website\"},\"datePublished\":\"2019-04-16T20:07:01+00:00\",\"dateModified\":\"2019-12-20T15:29:34+00:00\",\"breadcrumb\":{\"@id\":\"https:\/\/echecaucrime.com\/en\/the-organization\/faq\/#breadcrumb\"},\"inLanguage\":\"en-US\",\"potentialAction\":[{\"@type\":\"ReadAction\",\"target\":[\"https:\/\/echecaucrime.com\/en\/the-organization\/faq\/\"]}]},{\"@type\":\"BreadcrumbList\",\"@id\":\"https:\/\/echecaucrime.com\/en\/the-organization\/faq\/#breadcrumb\",\"itemListElement\":[{\"@type\":\"ListItem\",\"position\":1,\"name\":\"\",\"item\":\"https:\/\/echecaucrime.com\/\"},{\"@type\":\"ListItem\",\"position\":2,\"name\":\"The Organization\",\"item\":\"https:\/\/echecaucrime.com\/en\/the-organization\/\"},{\"@type\":\"ListItem\",\"position\":3,\"name\":\"FAQ\"}]}]}<\/script>\n<!-- \/ Yoast SEO plugin. -->","yoast_head_json":{"title":"FAQ | echecaucrime","robots":{"index":"index","follow":"follow","max-snippet":"max-snippet:-1","max-image-preview":"max-image-preview:large","max-video-preview":"max-video-preview:-1"},"canonical":"https:\/\/echecaucrime.com\/en\/the-organization\/faq\/","og_locale":"en_US","og_type":"article","og_title":"FAQ | echecaucrime","og_description":"Do you have any questions? You may find the answer here. Who should I contact to obtain information about the organization ? For any information requests, please contact us by clicking \u201cContact us\u201d in the menu tab, where you will [&hellip;]","og_url":"https:\/\/echecaucrime.com\/en\/the-organization\/faq\/","og_site_name":"echecaucrime","article_modified_time":"2019-12-20T15:29:34+00:00","author":"Design","twitter_card":"summary_large_image","twitter_misc":{"Est. reading time":"3 minutes"},"schema":{"@context":"https:\/\/schema.org","@graph":[{"@type":"WebSite","@id":"https:\/\/echecaucrime.com\/#website","url":"https:\/\/echecaucrime.com\/","name":"echecaucrime","description":"Au service de la communaut\u00e9 qu\u00e9b\u00e9coise depuis 1997.","potentialAction":[{"@type":"SearchAction","target":{"@type":"EntryPoint","urlTemplate":"https:\/\/echecaucrime.com\/?s={search_term_string}"},"query-input":"required name=search_term_string"}],"inLanguage":"en-US"},{"@type":"WebPage","@id":"https:\/\/echecaucrime.com\/en\/the-organization\/faq\/#webpage","url":"https:\/\/echecaucrime.com\/en\/the-organization\/faq\/","name":"FAQ | echecaucrime","isPartOf":{"@id":"https:\/\/echecaucrime.com\/#website"},"datePublished":"2019-04-16T20:07:01+00:00","dateModified":"2019-12-20T15:29:34+00:00","breadcrumb":{"@id":"https:\/\/echecaucrime.com\/en\/the-organization\/faq\/#breadcrumb"},"inLanguage":"en-US","potentialAction":[{"@type":"ReadAction","target":["https:\/\/echecaucrime.com\/en\/the-organization\/faq\/"]}]},{"@type":"BreadcrumbList","@id":"https:\/\/echecaucrime.com\/en\/the-organization\/faq\/#breadcrumb","itemListElement":[{"@type":"ListItem","position":1,"name":"","item":"https:\/\/echecaucrime.com\/"},{"@type":"ListItem","position":2,"name":"The Organization","item":"https:\/\/echecaucrime.com\/en\/the-organization\/"},{"@type":"ListItem","position":3,"name":"FAQ"}]}]}},"_links":{"self":[{"href":"https:\/\/echecaucrime.com\/en\/wp-json\/wp\/v2\/pages\/104"}],"collection":[{"href":"https:\/\/echecaucrime.com\/en\/wp-json\/wp\/v2\/pages"}],"about":[{"href":"https:\/\/echecaucrime.com\/en\/wp-json\/wp\/v2\/types\/page"}],"author":[{"embeddable":true,"href":"https:\/\/echecaucrime.com\/en\/wp-json\/wp\/v2\/users\/1"}],"replies":[{"embeddable":true,"href":"https:\/\/echecaucrime.com\/en\/wp-json\/wp\/v2\/comments?post=104"}],"version-history":[{"count":1,"href":"https:\/\/echecaucrime.com\/en\/wp-json\/wp\/v2\/pages\/104\/revisions"}],"predecessor-version":[{"id":105,"href":"https:\/\/echecaucrime.com\/en\/wp-json\/wp\/v2\/pages\/104\/revisions\/105"}],"up":[{"embeddable":true,"href":"https:\/\/echecaucrime.com\/en\/wp-json\/wp\/v2\/pages\/79"}],"wp:attachment":[{"href":"https:\/\/echecaucrime.com\/en\/wp-json\/wp\/v2\/media?parent=104"}],"curies":[{"name":"wp","href":"https:\/\/api.w.org\/{rel}","templated":true}]}}